{"id":8300,"date":"2022-05-20T09:34:55","date_gmt":"2022-05-20T08:34:55","guid":{"rendered":"https:\/\/clinicadelriohortega.es\/?post_type=product&#038;p=8300"},"modified":"2024-12-17T11:52:20","modified_gmt":"2024-12-17T10:52:20","slug":"tarjeta-regalo","status":"publish","type":"product","link":"https:\/\/clinicadelriohortega.es\/en\/product\/tarjeta-regalo\/","title":{"rendered":"Tarjeta regalo"},"content":{"rendered":"<h1>\u00a1Sorpresa! Tarjeta Regalo<\/h1>\n<p>\u00bfNo sabes qu\u00e9 tratamiento regalar? \u00a1Te lo ponemos f\u00e1cil! Decide un importe y recibir\u00e1s un email con el valor que decidas, listo para ser canjeado por quien t\u00fa quieras.<\/p>\n<p>Este bono personalizado ser\u00e1 v\u00e1lido para todos los tratamientos de Cl\u00ednica del R\u00edo-Hortega, donde gracias a la tecnolog\u00eda de \u00faltima generaci\u00f3n podemos ofrecerte el mejor servicio.<\/p>\n","protected":false},"excerpt":{"rendered":"<p>\u00bfNo sabes qu\u00e9 tratamiento regalar? \u00a1Te lo ponemos f\u00e1cil! Decide un importe y recibir\u00e1s un email con el valor que decidas, listo para ser canjeado por quien t\u00fa quieras.<\/p>\n<p>Este bono personalizado ser\u00e1 v\u00e1lido para todos los tratamientos de Cl\u00ednica del R\u00edo-Hortega, donde gracias a la tecnolog\u00eda de \u00faltima generaci\u00f3n podemos ofrecerte el mejor servicio.<\/p>\n","protected":false},"featured_media":11437,"template":"","meta":[],"product_brand":[],"product_cat":[86,96],"product_tag":[],"giftcard-category":[],"class_list":{"0":"post-8300","1":"product","2":"type-product","3":"status-publish","4":"has-post-thumbnail","6":"product_cat-wps_wgm_giftcard","7":"product_cat-regalos-de-navidad","9":"first","10":"instock","11":"virtual","12":"purchasable","13":"product-type-gift-card"},"_links":{"self":[{"href":"https:\/\/clinicadelriohortega.es\/en\/wp-json\/wp\/v2\/product\/8300","targetHints":{"allow":["GET"]}}],"collection":[{"href":"https:\/\/clinicadelriohortega.es\/en\/wp-json\/wp\/v2\/product"}],"about":[{"href":"https:\/\/clinicadelriohortega.es\/en\/wp-json\/wp\/v2\/types\/product"}],"wp:featuredmedia":[{"embeddable":true,"href":"https:\/\/clinicadelriohortega.es\/en\/wp-json\/wp\/v2\/media\/11437"}],"wp:attachment":[{"href":"https:\/\/clinicadelriohortega.es\/en\/wp-json\/wp\/v2\/media?parent=8300"}],"wp:term":[{"taxonomy":"product_brand","embeddable":true,"href":"https:\/\/clinicadelriohortega.es\/en\/wp-json\/wp\/v2\/product_brand?post=8300"},{"taxonomy":"product_cat","embeddable":true,"href":"https:\/\/clinicadelriohortega.es\/en\/wp-json\/wp\/v2\/product_cat?post=8300"},{"taxonomy":"product_tag","embeddable":true,"href":"https:\/\/clinicadelriohortega.es\/en\/wp-json\/wp\/v2\/product_tag?post=8300"},{"taxonomy":"giftcard-category","embeddable":true,"href":"https:\/\/clinicadelriohortega.es\/en\/wp-json\/wp\/v2\/giftcard-category?post=8300"}],"curies":[{"name":"wp","href":"https:\/\/api.w.org\/{rel}","templated":true}]}}