{"id":4580,"date":"2021-04-22T09:37:22","date_gmt":"2021-04-22T08:37:22","guid":{"rendered":"http:\/\/prueba.clinicadelriohortega.es\/?post_type=product&#038;p=4580"},"modified":"2022-05-18T13:29:26","modified_gmt":"2022-05-18T12:29:26","slug":"lobuloplastia-no-quirurgica","status":"publish","type":"product","link":"https:\/\/clinicadelriohortega.es\/en\/product\/lobuloplastia-no-quirurgica\/","title":{"rendered":"Lobuloplastia (No Quir\u00fargica)"},"content":{"rendered":"<h2>Lobuloplastia (No Quir\u00fargica).<\/h2>\n<p>La\u00a0<b>lobuloplastia<\/b>\u00a0o cierre de l\u00f3bulos en una intervenci\u00f3n de cirug\u00eda est\u00e9tica que se practica en los l\u00f3bulos de las orejas para recuperar su forma original.<\/p>\n","protected":false},"excerpt":{"rendered":"<h2>Lobuloplastia (No Quir\u00fargica).<\/h2>\n<p>La\u00a0<b>lobuloplastia<\/b>\u00a0o cierre de l\u00f3bulos en una intervenci\u00f3n de cirug\u00eda est\u00e9tica que se practica en los l\u00f3bulos de las orejas para recuperar su forma original.<\/p>\n","protected":false},"featured_media":4581,"template":"","meta":[],"product_brand":[],"product_cat":[39],"product_tag":[89],"giftcard-category":[],"class_list":{"0":"post-4580","1":"product","2":"type-product","3":"status-publish","4":"has-post-thumbnail","6":"product_cat-medicina-estetica","7":"product_tag-cldh0522","9":"first","10":"instock","11":"shipping-taxable","12":"purchasable","13":"product-type-simple"},"_links":{"self":[{"href":"https:\/\/clinicadelriohortega.es\/en\/wp-json\/wp\/v2\/product\/4580","targetHints":{"allow":["GET"]}}],"collection":[{"href":"https:\/\/clinicadelriohortega.es\/en\/wp-json\/wp\/v2\/product"}],"about":[{"href":"https:\/\/clinicadelriohortega.es\/en\/wp-json\/wp\/v2\/types\/product"}],"wp:featuredmedia":[{"embeddable":true,"href":"https:\/\/clinicadelriohortega.es\/en\/wp-json\/wp\/v2\/media\/4581"}],"wp:attachment":[{"href":"https:\/\/clinicadelriohortega.es\/en\/wp-json\/wp\/v2\/media?parent=4580"}],"wp:term":[{"taxonomy":"product_brand","embeddable":true,"href":"https:\/\/clinicadelriohortega.es\/en\/wp-json\/wp\/v2\/product_brand?post=4580"},{"taxonomy":"product_cat","embeddable":true,"href":"https:\/\/clinicadelriohortega.es\/en\/wp-json\/wp\/v2\/product_cat?post=4580"},{"taxonomy":"product_tag","embeddable":true,"href":"https:\/\/clinicadelriohortega.es\/en\/wp-json\/wp\/v2\/product_tag?post=4580"},{"taxonomy":"giftcard-category","embeddable":true,"href":"https:\/\/clinicadelriohortega.es\/en\/wp-json\/wp\/v2\/giftcard-category?post=4580"}],"curies":[{"name":"wp","href":"https:\/\/api.w.org\/{rel}","templated":true}]}}