{"id":4576,"date":"2021-04-22T09:21:33","date_gmt":"2021-04-22T08:21:33","guid":{"rendered":"http:\/\/prueba.clinicadelriohortega.es\/?post_type=product&#038;p=4576"},"modified":"2022-05-18T13:29:26","modified_gmt":"2022-05-18T12:29:26","slug":"mentoplastia-no-quirurgica","status":"publish","type":"product","link":"https:\/\/clinicadelriohortega.es\/en\/product\/mentoplastia-no-quirurgica\/","title":{"rendered":"Mentoplastia (No Quir\u00fargica)"},"content":{"rendered":"<h2>Mentoplastia (No Quir\u00fargica).<\/h2>\n<p>Utilizando inyecciones de <strong>\u00e1cidos hialur\u00f3nicos<\/strong>\u00a0adecuados en la zona profunda cercana al periostio, podemos simular mayor proyecci\u00f3n de la zona mejorando al mismo tiempo el perfil mandibular y el \u00f3valo facial, as\u00ed como las l\u00edneas de amargura o arrugas \u201cde marioneta\u201d muy frecuentes en pacientes con poca barbilla.<\/p>\n","protected":false},"excerpt":{"rendered":"<h2>Mentoplastia (No Quir\u00fargica).<\/h2>\n<p>Utilizando inyecciones de <strong>\u00e1cidos hialur\u00f3nicos<\/strong>\u00a0adecuados en la zona profunda cercana al periostio, podemos simular mayor proyecci\u00f3n de la zona mejorando al mismo tiempo el perfil mandibular y el \u00f3valo facial, as\u00ed como las l\u00edneas de amargura o arrugas \u201cde marioneta\u201d muy frecuentes en pacientes con poca barbilla.<\/p>\n","protected":false},"featured_media":4577,"template":"","meta":[],"product_brand":[],"product_cat":[39],"product_tag":[89],"giftcard-category":[],"class_list":{"0":"post-4576","1":"product","2":"type-product","3":"status-publish","4":"has-post-thumbnail","6":"product_cat-medicina-estetica","7":"product_tag-cldh0522","9":"first","10":"instock","11":"shipping-taxable","12":"purchasable","13":"product-type-simple"},"_links":{"self":[{"href":"https:\/\/clinicadelriohortega.es\/en\/wp-json\/wp\/v2\/product\/4576","targetHints":{"allow":["GET"]}}],"collection":[{"href":"https:\/\/clinicadelriohortega.es\/en\/wp-json\/wp\/v2\/product"}],"about":[{"href":"https:\/\/clinicadelriohortega.es\/en\/wp-json\/wp\/v2\/types\/product"}],"wp:featuredmedia":[{"embeddable":true,"href":"https:\/\/clinicadelriohortega.es\/en\/wp-json\/wp\/v2\/media\/4577"}],"wp:attachment":[{"href":"https:\/\/clinicadelriohortega.es\/en\/wp-json\/wp\/v2\/media?parent=4576"}],"wp:term":[{"taxonomy":"product_brand","embeddable":true,"href":"https:\/\/clinicadelriohortega.es\/en\/wp-json\/wp\/v2\/product_brand?post=4576"},{"taxonomy":"product_cat","embeddable":true,"href":"https:\/\/clinicadelriohortega.es\/en\/wp-json\/wp\/v2\/product_cat?post=4576"},{"taxonomy":"product_tag","embeddable":true,"href":"https:\/\/clinicadelriohortega.es\/en\/wp-json\/wp\/v2\/product_tag?post=4576"},{"taxonomy":"giftcard-category","embeddable":true,"href":"https:\/\/clinicadelriohortega.es\/en\/wp-json\/wp\/v2\/giftcard-category?post=4576"}],"curies":[{"name":"wp","href":"https:\/\/api.w.org\/{rel}","templated":true}]}}