{"id":4574,"date":"2021-04-22T09:19:08","date_gmt":"2021-04-22T08:19:08","guid":{"rendered":"http:\/\/prueba.clinicadelriohortega.es\/?post_type=product&#038;p=4574"},"modified":"2022-05-18T13:29:26","modified_gmt":"2022-05-18T12:29:26","slug":"sonrisa-gingival","status":"publish","type":"product","link":"https:\/\/clinicadelriohortega.es\/en\/product\/sonrisa-gingival\/","title":{"rendered":"Sonrisa Gingival"},"content":{"rendered":"<h2>Sonrisa Gingival.<\/h2>\n<p>Una de las afectaciones m\u00e1s comunes es la sonrisa gingival. La sonrisa gingival es una desproporci\u00f3n evidente entre las enc\u00edas y los dientes.<\/p>\n","protected":false},"excerpt":{"rendered":"<h2>Sonrisa Gingival.<\/h2>\n<p>Una de las afectaciones m\u00e1s comunes es la sonrisa gingival. La sonrisa gingival es una desproporci\u00f3n evidente entre las enc\u00edas y los dientes.<\/p>\n","protected":false},"featured_media":4575,"template":"","meta":[],"product_brand":[],"product_cat":[39],"product_tag":[89],"giftcard-category":[],"class_list":{"0":"post-4574","1":"product","2":"type-product","3":"status-publish","4":"has-post-thumbnail","6":"product_cat-medicina-estetica","7":"product_tag-cldh0522","9":"first","10":"instock","11":"shipping-taxable","12":"purchasable","13":"product-type-simple"},"_links":{"self":[{"href":"https:\/\/clinicadelriohortega.es\/en\/wp-json\/wp\/v2\/product\/4574","targetHints":{"allow":["GET"]}}],"collection":[{"href":"https:\/\/clinicadelriohortega.es\/en\/wp-json\/wp\/v2\/product"}],"about":[{"href":"https:\/\/clinicadelriohortega.es\/en\/wp-json\/wp\/v2\/types\/product"}],"wp:featuredmedia":[{"embeddable":true,"href":"https:\/\/clinicadelriohortega.es\/en\/wp-json\/wp\/v2\/media\/4575"}],"wp:attachment":[{"href":"https:\/\/clinicadelriohortega.es\/en\/wp-json\/wp\/v2\/media?parent=4574"}],"wp:term":[{"taxonomy":"product_brand","embeddable":true,"href":"https:\/\/clinicadelriohortega.es\/en\/wp-json\/wp\/v2\/product_brand?post=4574"},{"taxonomy":"product_cat","embeddable":true,"href":"https:\/\/clinicadelriohortega.es\/en\/wp-json\/wp\/v2\/product_cat?post=4574"},{"taxonomy":"product_tag","embeddable":true,"href":"https:\/\/clinicadelriohortega.es\/en\/wp-json\/wp\/v2\/product_tag?post=4574"},{"taxonomy":"giftcard-category","embeddable":true,"href":"https:\/\/clinicadelriohortega.es\/en\/wp-json\/wp\/v2\/giftcard-category?post=4574"}],"curies":[{"name":"wp","href":"https:\/\/api.w.org\/{rel}","templated":true}]}}