{"id":4564,"date":"2021-04-22T09:02:00","date_gmt":"2021-04-22T08:02:00","guid":{"rendered":"http:\/\/prueba.clinicadelriohortega.es\/?post_type=product&#038;p=4564"},"modified":"2023-09-11T12:49:48","modified_gmt":"2023-09-11T11:49:48","slug":"botox","status":"publish","type":"product","link":"https:\/\/clinicadelriohortega.es\/en\/product\/botox\/","title":{"rendered":"Botox"},"content":{"rendered":"<h2>Botox.<\/h2>\n<p>Para mujeres y hombres que deseen\u00a0<strong>eliminar esas patas de gallo, las arrugas del entrecejo y frente<\/strong>\u00a0y conseguir una mirada m\u00e1s despierta, de aspecto m\u00e1s joven. Relaja el gesto de las arrugas de expresi\u00f3n: frente, patas de gallo y\/o cejas, infiltrando diminutas cantidades de toxina botul\u00ednica en las zonas necesarias. <em><strong>50 unidades<\/strong><\/em><\/p>\n","protected":false},"excerpt":{"rendered":"<h2>Botox.<\/h2>\n<p>Para mujeres y hombres que deseen\u00a0<strong>eliminar esas patas de gallo, las arrugas del entrecejo y frente<\/strong>\u00a0y conseguir una mirada m\u00e1s despierta, de aspecto m\u00e1s joven. Relaja el gesto de las arrugas de expresi\u00f3n: frente, patas de gallo y\/o cejas, infiltrando diminutas cantidades de toxina botul\u00ednica en las zonas necesarias. <em><strong>50 unidades<\/strong><\/em><\/p>\n","protected":false},"featured_media":5524,"template":"","meta":[],"product_brand":[],"product_cat":[39],"product_tag":[89],"giftcard-category":[],"class_list":{"0":"post-4564","1":"product","2":"type-product","3":"status-publish","4":"has-post-thumbnail","6":"product_cat-medicina-estetica","7":"product_tag-cldh0522","9":"first","10":"instock","11":"shipping-taxable","12":"purchasable","13":"product-type-simple"},"_links":{"self":[{"href":"https:\/\/clinicadelriohortega.es\/en\/wp-json\/wp\/v2\/product\/4564","targetHints":{"allow":["GET"]}}],"collection":[{"href":"https:\/\/clinicadelriohortega.es\/en\/wp-json\/wp\/v2\/product"}],"about":[{"href":"https:\/\/clinicadelriohortega.es\/en\/wp-json\/wp\/v2\/types\/product"}],"wp:featuredmedia":[{"embeddable":true,"href":"https:\/\/clinicadelriohortega.es\/en\/wp-json\/wp\/v2\/media\/5524"}],"wp:attachment":[{"href":"https:\/\/clinicadelriohortega.es\/en\/wp-json\/wp\/v2\/media?parent=4564"}],"wp:term":[{"taxonomy":"product_brand","embeddable":true,"href":"https:\/\/clinicadelriohortega.es\/en\/wp-json\/wp\/v2\/product_brand?post=4564"},{"taxonomy":"product_cat","embeddable":true,"href":"https:\/\/clinicadelriohortega.es\/en\/wp-json\/wp\/v2\/product_cat?post=4564"},{"taxonomy":"product_tag","embeddable":true,"href":"https:\/\/clinicadelriohortega.es\/en\/wp-json\/wp\/v2\/product_tag?post=4564"},{"taxonomy":"giftcard-category","embeddable":true,"href":"https:\/\/clinicadelriohortega.es\/en\/wp-json\/wp\/v2\/giftcard-category?post=4564"}],"curies":[{"name":"wp","href":"https:\/\/api.w.org\/{rel}","templated":true}]}}