{"id":4559,"date":"2021-04-22T08:50:35","date_gmt":"2021-04-22T07:50:35","guid":{"rendered":"http:\/\/prueba.clinicadelriohortega.es\/?post_type=product&#038;p=4559"},"modified":"2022-05-18T13:29:26","modified_gmt":"2022-05-18T12:29:26","slug":"certificado-medico-para-el-manejo-de-gruas","status":"publish","type":"product","link":"https:\/\/clinicadelriohortega.es\/en\/product\/certificado-medico-para-el-manejo-de-gruas\/","title":{"rendered":"Certificado M\u00e9dico para el Manejo de Gr\u00faas"},"content":{"rendered":"<h2>Certificado M\u00e9dico para el manejo de Gr\u00faas.<\/h2>\n<p>En nuestro Centro M\u00e9dico, realizamos los Reconocimientos M\u00e9dicos y Psicot\u00e9cnicos v\u00e1lidos para la\u00a0<strong>obtenci\u00f3n o renovaci\u00f3n del Certificado M\u00e9dico para el manejo de gr\u00faas-torre y gr\u00faas m\u00f3viles autopropulsadas<\/strong>. Los carnets de operador de gr\u00faa tienen una vigencia de 5 a\u00f1os y se pueden tramitar desde 6 meses antes de su fecha de caducidad.<\/p>\n","protected":false},"excerpt":{"rendered":"<h2>Certificado M\u00e9dico para el manejo de Gr\u00faas.<\/h2>\n<p>En nuestro Centro M\u00e9dico, realizamos los Reconocimientos M\u00e9dicos y Psicot\u00e9cnicos v\u00e1lidos para la\u00a0<strong>obtenci\u00f3n o renovaci\u00f3n del Certificado M\u00e9dico para el manejo de gr\u00faas-torre y gr\u00faas m\u00f3viles autopropulsadas<\/strong>. Los carnets de operador de gr\u00faa tienen una vigencia de 5 a\u00f1os y se pueden tramitar desde 6 meses antes de su fecha de caducidad.<\/p>\n","protected":false},"featured_media":4560,"template":"","meta":[],"product_brand":[],"product_cat":[41],"product_tag":[89],"giftcard-category":[],"class_list":{"0":"post-4559","1":"product","2":"type-product","3":"status-publish","4":"has-post-thumbnail","6":"product_cat-psicotecnicos","7":"product_tag-cldh0522","9":"first","10":"instock","11":"shipping-taxable","12":"purchasable","13":"product-type-simple"},"_links":{"self":[{"href":"https:\/\/clinicadelriohortega.es\/en\/wp-json\/wp\/v2\/product\/4559","targetHints":{"allow":["GET"]}}],"collection":[{"href":"https:\/\/clinicadelriohortega.es\/en\/wp-json\/wp\/v2\/product"}],"about":[{"href":"https:\/\/clinicadelriohortega.es\/en\/wp-json\/wp\/v2\/types\/product"}],"wp:featuredmedia":[{"embeddable":true,"href":"https:\/\/clinicadelriohortega.es\/en\/wp-json\/wp\/v2\/media\/4560"}],"wp:attachment":[{"href":"https:\/\/clinicadelriohortega.es\/en\/wp-json\/wp\/v2\/media?parent=4559"}],"wp:term":[{"taxonomy":"product_brand","embeddable":true,"href":"https:\/\/clinicadelriohortega.es\/en\/wp-json\/wp\/v2\/product_brand?post=4559"},{"taxonomy":"product_cat","embeddable":true,"href":"https:\/\/clinicadelriohortega.es\/en\/wp-json\/wp\/v2\/product_cat?post=4559"},{"taxonomy":"product_tag","embeddable":true,"href":"https:\/\/clinicadelriohortega.es\/en\/wp-json\/wp\/v2\/product_tag?post=4559"},{"taxonomy":"giftcard-category","embeddable":true,"href":"https:\/\/clinicadelriohortega.es\/en\/wp-json\/wp\/v2\/giftcard-category?post=4559"}],"curies":[{"name":"wp","href":"https:\/\/api.w.org\/{rel}","templated":true}]}}