{"id":4465,"date":"2021-04-21T09:22:37","date_gmt":"2021-04-21T08:22:37","guid":{"rendered":"http:\/\/prueba.clinicadelriohortega.es\/?post_type=product&#038;p=4465"},"modified":"2025-11-19T14:19:58","modified_gmt":"2025-11-19T13:19:58","slug":"depilacion-facial-completo","status":"publish","type":"product","link":"https:\/\/clinicadelriohortega.es\/en\/product\/depilacion-facial-completo\/","title":{"rendered":"BONO 6 sesiones Facial Completo"},"content":{"rendered":"<h2>Facial Completo.<\/h2>\n<p>Con la contrataci\u00f3n de este Bono 6 sesiones\u00a0 conseguir\u00e1s mejores resultados y mantenerlos en el tiempo. Adem\u00e1s, obtienes un precio mucho m\u00e1s econ\u00f3mico respecto a si lo contratas por sesiones sueltas,<\/p>\n","protected":false},"excerpt":{"rendered":"<h2>Facial Completo.<\/h2>\n<p>Con la contrataci\u00f3n de este Bono 6 sesiones\u00a0 conseguir\u00e1s mejores resultados y mantenerlos en el tiempo. Adem\u00e1s, obtienes un precio mucho m\u00e1s econ\u00f3mico respecto a si lo contratas por sesiones sueltas.<\/p>\n","protected":false},"featured_media":4488,"template":"","meta":[],"product_brand":[],"product_cat":[75],"product_tag":[89],"giftcard-category":[],"class_list":{"0":"post-4465","1":"product","2":"type-product","3":"status-publish","4":"has-post-thumbnail","6":"product_cat-bonos-depilacion","7":"product_tag-cldh0522","9":"first","10":"instock","11":"shipping-taxable","12":"purchasable","13":"product-type-simple"},"_links":{"self":[{"href":"https:\/\/clinicadelriohortega.es\/en\/wp-json\/wp\/v2\/product\/4465","targetHints":{"allow":["GET"]}}],"collection":[{"href":"https:\/\/clinicadelriohortega.es\/en\/wp-json\/wp\/v2\/product"}],"about":[{"href":"https:\/\/clinicadelriohortega.es\/en\/wp-json\/wp\/v2\/types\/product"}],"wp:featuredmedia":[{"embeddable":true,"href":"https:\/\/clinicadelriohortega.es\/en\/wp-json\/wp\/v2\/media\/4488"}],"wp:attachment":[{"href":"https:\/\/clinicadelriohortega.es\/en\/wp-json\/wp\/v2\/media?parent=4465"}],"wp:term":[{"taxonomy":"product_brand","embeddable":true,"href":"https:\/\/clinicadelriohortega.es\/en\/wp-json\/wp\/v2\/product_brand?post=4465"},{"taxonomy":"product_cat","embeddable":true,"href":"https:\/\/clinicadelriohortega.es\/en\/wp-json\/wp\/v2\/product_cat?post=4465"},{"taxonomy":"product_tag","embeddable":true,"href":"https:\/\/clinicadelriohortega.es\/en\/wp-json\/wp\/v2\/product_tag?post=4465"},{"taxonomy":"giftcard-category","embeddable":true,"href":"https:\/\/clinicadelriohortega.es\/en\/wp-json\/wp\/v2\/giftcard-category?post=4465"}],"curies":[{"name":"wp","href":"https:\/\/api.w.org\/{rel}","templated":true}]}}