{"id":4463,"date":"2021-04-21T09:08:22","date_gmt":"2021-04-21T08:08:22","guid":{"rendered":"http:\/\/prueba.clinicadelriohortega.es\/?post_type=product&#038;p=4463"},"modified":"2023-10-20T10:44:52","modified_gmt":"2023-10-20T09:44:52","slug":"depilacion-zona-mediana-zona-pequena","status":"publish","type":"product","link":"https:\/\/clinicadelriohortega.es\/en\/product\/depilacion-zona-mediana-zona-pequena\/","title":{"rendered":"BONO 12 sesiones Zona Mediana + Zona Peque\u00f1a"},"content":{"rendered":"<h2>Zona Mediana + Zona Peque\u00f1a.<\/h2>\n<p>Con la contrataci\u00f3n de este Bono de 6 o\u00a0 12 sesiones con un 40% de descuento, conseguir\u00e1s mejores resultados y mantenerlos en el tiempo. Adem\u00e1s, obtienes un precio mucho m\u00e1s econ\u00f3mico respecto a si lo contratas por sesiones sueltas. Las zonas que incluyen en este bono son:<\/p>\n<h3>Zona Peque\u00f1a:<\/h3>\n<p>\u2013 Axilas \u2013 Ingles normales \u2013 Hombros \u2013 Cuello<\/p>\n<h3>Zona Mediana:<\/h3>\n<p>\u2013 Medias piernas \u2013 Medios brazos \u2013 Gl\u00fateos \u2013 Ingles completas \u2013 Abdomen \u2013 Pecho \u2013 Dorsal \u2013 Lumbar \u2013 Facial Completo<\/p>\n","protected":false},"excerpt":{"rendered":"<h2>Zona Mediana + Zona Peque\u00f1a.<\/h2>\n<p>Con la contrataci\u00f3n de este Bono de 6 o 12 sesiones con un 40% de descuento, conseguir\u00e1s mejores resultados y mantenerlos en el tiempo. Adem\u00e1s, obtienes un precio mucho m\u00e1s econ\u00f3mico respecto a si lo contratas por sesiones sueltas, Las zonas que incluyen en este bono son:<\/p>\n<h3>Zona Peque\u00f1a:<\/h3>\n<p>\u2013 Axilas \u2013 Ingles normales \u2013 Hombros \u2013 Cuello<\/p>\n<h3>Zona Mediana:<\/h3>\n<p>\u2013 Medias piernas \u2013 Medios brazos \u2013 Gl\u00fateos \u2013 Ingles completas \u2013 Abdomen \u2013 Pecho \u2013 Dorsal \u2013 Lumbar \u2013 Facial Completo<\/p>\n","protected":false},"featured_media":5139,"template":"","meta":[],"product_brand":[],"product_cat":[75],"product_tag":[89],"giftcard-category":[],"class_list":{"0":"post-4463","1":"product","2":"type-product","3":"status-publish","4":"has-post-thumbnail","6":"product_cat-bonos-depilacion","7":"product_tag-cldh0522","9":"first","10":"instock","11":"shipping-taxable","12":"purchasable","13":"product-type-simple"},"_links":{"self":[{"href":"https:\/\/clinicadelriohortega.es\/en\/wp-json\/wp\/v2\/product\/4463","targetHints":{"allow":["GET"]}}],"collection":[{"href":"https:\/\/clinicadelriohortega.es\/en\/wp-json\/wp\/v2\/product"}],"about":[{"href":"https:\/\/clinicadelriohortega.es\/en\/wp-json\/wp\/v2\/types\/product"}],"wp:featuredmedia":[{"embeddable":true,"href":"https:\/\/clinicadelriohortega.es\/en\/wp-json\/wp\/v2\/media\/5139"}],"wp:attachment":[{"href":"https:\/\/clinicadelriohortega.es\/en\/wp-json\/wp\/v2\/media?parent=4463"}],"wp:term":[{"taxonomy":"product_brand","embeddable":true,"href":"https:\/\/clinicadelriohortega.es\/en\/wp-json\/wp\/v2\/product_brand?post=4463"},{"taxonomy":"product_cat","embeddable":true,"href":"https:\/\/clinicadelriohortega.es\/en\/wp-json\/wp\/v2\/product_cat?post=4463"},{"taxonomy":"product_tag","embeddable":true,"href":"https:\/\/clinicadelriohortega.es\/en\/wp-json\/wp\/v2\/product_tag?post=4463"},{"taxonomy":"giftcard-category","embeddable":true,"href":"https:\/\/clinicadelriohortega.es\/en\/wp-json\/wp\/v2\/giftcard-category?post=4463"}],"curies":[{"name":"wp","href":"https:\/\/api.w.org\/{rel}","templated":true}]}}