{"id":4459,"date":"2021-04-21T08:59:56","date_gmt":"2021-04-21T07:59:56","guid":{"rendered":"http:\/\/prueba.clinicadelriohortega.es\/?post_type=product&#038;p=4459"},"modified":"2022-05-18T13:29:32","modified_gmt":"2022-05-18T12:29:32","slug":"jett-plasma-lift","status":"publish","type":"product","link":"https:\/\/clinicadelriohortega.es\/en\/product\/jett-plasma-lift\/","title":{"rendered":"Jett Plasma Lift"},"content":{"rendered":"<h2>Jett Plasma Lift.<\/h2>\n<p>El\u00a0<strong>flujo de plasma<\/strong>\u00a0estimula la formaci\u00f3n de nuevo col\u00e1geno y fibras de elastina creando as\u00ed m\u00faltiples aplicaciones en\u00a0<strong>medicina est\u00e9tica\u00a0<\/strong>tanto en<strong> tratamientos corporales como faciales.<\/strong><\/p>\n","protected":false},"excerpt":{"rendered":"<h2>Jett Plasma Lift.<\/h2>\n<p>El\u00a0<strong>flujo de plasma<\/strong>\u00a0estimula la formaci\u00f3n de nuevo col\u00e1geno y fibras de elastina creando as\u00ed m\u00faltiples aplicaciones en\u00a0<strong>medicina est\u00e9tica\u00a0<\/strong>tanto en<strong> tratamientos corporales como faciales.<\/strong><\/p>\n","protected":false},"featured_media":4485,"template":"","meta":[],"product_brand":[],"product_cat":[39],"product_tag":[89],"giftcard-category":[],"class_list":{"0":"post-4459","1":"product","2":"type-product","3":"status-publish","4":"has-post-thumbnail","6":"product_cat-medicina-estetica","7":"product_tag-cldh0522","9":"first","10":"instock","11":"shipping-taxable","12":"purchasable","13":"product-type-simple"},"_links":{"self":[{"href":"https:\/\/clinicadelriohortega.es\/en\/wp-json\/wp\/v2\/product\/4459","targetHints":{"allow":["GET"]}}],"collection":[{"href":"https:\/\/clinicadelriohortega.es\/en\/wp-json\/wp\/v2\/product"}],"about":[{"href":"https:\/\/clinicadelriohortega.es\/en\/wp-json\/wp\/v2\/types\/product"}],"wp:featuredmedia":[{"embeddable":true,"href":"https:\/\/clinicadelriohortega.es\/en\/wp-json\/wp\/v2\/media\/4485"}],"wp:attachment":[{"href":"https:\/\/clinicadelriohortega.es\/en\/wp-json\/wp\/v2\/media?parent=4459"}],"wp:term":[{"taxonomy":"product_brand","embeddable":true,"href":"https:\/\/clinicadelriohortega.es\/en\/wp-json\/wp\/v2\/product_brand?post=4459"},{"taxonomy":"product_cat","embeddable":true,"href":"https:\/\/clinicadelriohortega.es\/en\/wp-json\/wp\/v2\/product_cat?post=4459"},{"taxonomy":"product_tag","embeddable":true,"href":"https:\/\/clinicadelriohortega.es\/en\/wp-json\/wp\/v2\/product_tag?post=4459"},{"taxonomy":"giftcard-category","embeddable":true,"href":"https:\/\/clinicadelriohortega.es\/en\/wp-json\/wp\/v2\/giftcard-category?post=4459"}],"curies":[{"name":"wp","href":"https:\/\/api.w.org\/{rel}","templated":true}]}}