{"id":4457,"date":"2021-04-21T08:49:31","date_gmt":"2021-04-21T07:49:31","guid":{"rendered":"http:\/\/prueba.clinicadelriohortega.es\/?post_type=product&#038;p=4457"},"modified":"2023-09-11T12:35:57","modified_gmt":"2023-09-11T11:35:57","slug":"presoterapia","status":"publish","type":"product","link":"https:\/\/clinicadelriohortega.es\/en\/product\/presoterapia\/","title":{"rendered":"Presoterapia"},"content":{"rendered":"<h2>Presoterapia.<\/h2>\n<p>La\u00a0<strong>Presoterapia Termofit\u00a0<\/strong>es una aparatolog\u00eda enfocada a la eliminaci\u00f3n del exceso de fluido de desecho intersticial, la aceleraci\u00f3n del retorno venoso y linf\u00e1tico y la consecuci\u00f3n de un estado general de relajaci\u00f3n y bienestar.<\/p>\n","protected":false},"excerpt":{"rendered":"<h2>Presoterapia.<\/h2>\n<p>La\u00a0<strong>Presoterapia Termofit\u00a0<\/strong>es una aparatolog\u00eda enfocada a la eliminaci\u00f3n del exceso de fluido de desecho intersticial, la aceleraci\u00f3n del retorno venoso y linf\u00e1tico y la consecuci\u00f3n de un estado general de relajaci\u00f3n y bienestar.<\/p>\n","protected":false},"featured_media":4482,"template":"","meta":[],"product_brand":[],"product_cat":[39],"product_tag":[89],"giftcard-category":[],"class_list":{"0":"post-4457","1":"product","2":"type-product","3":"status-publish","4":"has-post-thumbnail","6":"product_cat-medicina-estetica","7":"product_tag-cldh0522","9":"first","10":"instock","11":"shipping-taxable","12":"purchasable","13":"product-type-simple"},"_links":{"self":[{"href":"https:\/\/clinicadelriohortega.es\/en\/wp-json\/wp\/v2\/product\/4457","targetHints":{"allow":["GET"]}}],"collection":[{"href":"https:\/\/clinicadelriohortega.es\/en\/wp-json\/wp\/v2\/product"}],"about":[{"href":"https:\/\/clinicadelriohortega.es\/en\/wp-json\/wp\/v2\/types\/product"}],"wp:featuredmedia":[{"embeddable":true,"href":"https:\/\/clinicadelriohortega.es\/en\/wp-json\/wp\/v2\/media\/4482"}],"wp:attachment":[{"href":"https:\/\/clinicadelriohortega.es\/en\/wp-json\/wp\/v2\/media?parent=4457"}],"wp:term":[{"taxonomy":"product_brand","embeddable":true,"href":"https:\/\/clinicadelriohortega.es\/en\/wp-json\/wp\/v2\/product_brand?post=4457"},{"taxonomy":"product_cat","embeddable":true,"href":"https:\/\/clinicadelriohortega.es\/en\/wp-json\/wp\/v2\/product_cat?post=4457"},{"taxonomy":"product_tag","embeddable":true,"href":"https:\/\/clinicadelriohortega.es\/en\/wp-json\/wp\/v2\/product_tag?post=4457"},{"taxonomy":"giftcard-category","embeddable":true,"href":"https:\/\/clinicadelriohortega.es\/en\/wp-json\/wp\/v2\/giftcard-category?post=4457"}],"curies":[{"name":"wp","href":"https:\/\/api.w.org\/{rel}","templated":true}]}}