{"id":4456,"date":"2021-04-21T08:44:03","date_gmt":"2021-04-21T07:44:03","guid":{"rendered":"http:\/\/prueba.clinicadelriohortega.es\/?post_type=product&#038;p=4456"},"modified":"2022-05-18T13:29:32","modified_gmt":"2022-05-18T12:29:32","slug":"ozone-higienic-face-jett-plasma-lift","status":"publish","type":"product","link":"https:\/\/clinicadelriohortega.es\/en\/product\/ozone-higienic-face-jett-plasma-lift\/","title":{"rendered":"Ozone Higienic Face + Jett Plasma Lift"},"content":{"rendered":"<h2>Ozone Higienic Face + Jett Plasma Lift.<\/h2>\n<p><strong>Es la limpieza facial por excelencia<\/strong>. El uso del vapor ozono en el campo de la est\u00e9tica viene de a\u00f1os atr\u00e1s, debido a las m\u00faltiples propiedades que aporta a nuestra piel.<\/p>\n","protected":false},"excerpt":{"rendered":"<h2>Ozone Higienic Face + Jett Plasma Lift.<\/h2>\n<p><strong>Es la limpieza facial por excelencia<\/strong>. El uso del vapor ozono en el campo de la est\u00e9tica viene de a\u00f1os atr\u00e1s, debido a las m\u00faltiples propiedades que aporta a nuestra piel.<\/p>\n","protected":false},"featured_media":4481,"template":"","meta":[],"product_brand":[],"product_cat":[39],"product_tag":[89],"giftcard-category":[],"class_list":{"0":"post-4456","1":"product","2":"type-product","3":"status-publish","4":"has-post-thumbnail","6":"product_cat-medicina-estetica","7":"product_tag-cldh0522","9":"first","10":"instock","11":"shipping-taxable","12":"purchasable","13":"product-type-simple"},"_links":{"self":[{"href":"https:\/\/clinicadelriohortega.es\/en\/wp-json\/wp\/v2\/product\/4456","targetHints":{"allow":["GET"]}}],"collection":[{"href":"https:\/\/clinicadelriohortega.es\/en\/wp-json\/wp\/v2\/product"}],"about":[{"href":"https:\/\/clinicadelriohortega.es\/en\/wp-json\/wp\/v2\/types\/product"}],"wp:featuredmedia":[{"embeddable":true,"href":"https:\/\/clinicadelriohortega.es\/en\/wp-json\/wp\/v2\/media\/4481"}],"wp:attachment":[{"href":"https:\/\/clinicadelriohortega.es\/en\/wp-json\/wp\/v2\/media?parent=4456"}],"wp:term":[{"taxonomy":"product_brand","embeddable":true,"href":"https:\/\/clinicadelriohortega.es\/en\/wp-json\/wp\/v2\/product_brand?post=4456"},{"taxonomy":"product_cat","embeddable":true,"href":"https:\/\/clinicadelriohortega.es\/en\/wp-json\/wp\/v2\/product_cat?post=4456"},{"taxonomy":"product_tag","embeddable":true,"href":"https:\/\/clinicadelriohortega.es\/en\/wp-json\/wp\/v2\/product_tag?post=4456"},{"taxonomy":"giftcard-category","embeddable":true,"href":"https:\/\/clinicadelriohortega.es\/en\/wp-json\/wp\/v2\/giftcard-category?post=4456"}],"curies":[{"name":"wp","href":"https:\/\/api.w.org\/{rel}","templated":true}]}}