{"id":4455,"date":"2021-04-21T08:42:09","date_gmt":"2021-04-21T07:42:09","guid":{"rendered":"http:\/\/prueba.clinicadelriohortega.es\/?post_type=product&#038;p=4455"},"modified":"2022-05-18T13:29:32","modified_gmt":"2022-05-18T12:29:32","slug":"ondas-de-choque","status":"publish","type":"product","link":"https:\/\/clinicadelriohortega.es\/en\/product\/ondas-de-choque\/","title":{"rendered":"Ondas de Choque"},"content":{"rendered":"<h2>Ondas de Choque.<\/h2>\n<p><strong>Las Ondas de Choque son un m\u00e9todo indoloro<\/strong>\u00a0que utiliza los mecanismos de reparaci\u00f3n natural del cuerpo humano para reafirmar el tejido. Las ondas de choque act\u00faan con precisi\u00f3n en la rotura de los tabiques fibr\u00f3ticos de la celulitis, sin provocar da\u00f1os en la piel, los nervios o la masa muscular.<\/p>\n","protected":false},"excerpt":{"rendered":"<h2>Ondas de Choque.<\/h2>\n<p><strong>Las Ondas de Choque son un m\u00e9todo indoloro<\/strong>\u00a0que utiliza los mecanismos de reparaci\u00f3n natural del cuerpo humano para reafirmar el tejido. Las ondas de choque act\u00faan con precisi\u00f3n en la rotura de los tabiques fibr\u00f3ticos de la celulitis, sin provocar da\u00f1os en la piel, los nervios o la masa muscular.<\/p>\n","protected":false},"featured_media":4480,"template":"","meta":[],"product_brand":[],"product_cat":[39],"product_tag":[89],"giftcard-category":[],"class_list":{"0":"post-4455","1":"product","2":"type-product","3":"status-publish","4":"has-post-thumbnail","6":"product_cat-medicina-estetica","7":"product_tag-cldh0522","9":"first","10":"instock","11":"shipping-taxable","12":"purchasable","13":"product-type-simple"},"_links":{"self":[{"href":"https:\/\/clinicadelriohortega.es\/en\/wp-json\/wp\/v2\/product\/4455","targetHints":{"allow":["GET"]}}],"collection":[{"href":"https:\/\/clinicadelriohortega.es\/en\/wp-json\/wp\/v2\/product"}],"about":[{"href":"https:\/\/clinicadelriohortega.es\/en\/wp-json\/wp\/v2\/types\/product"}],"wp:featuredmedia":[{"embeddable":true,"href":"https:\/\/clinicadelriohortega.es\/en\/wp-json\/wp\/v2\/media\/4480"}],"wp:attachment":[{"href":"https:\/\/clinicadelriohortega.es\/en\/wp-json\/wp\/v2\/media?parent=4455"}],"wp:term":[{"taxonomy":"product_brand","embeddable":true,"href":"https:\/\/clinicadelriohortega.es\/en\/wp-json\/wp\/v2\/product_brand?post=4455"},{"taxonomy":"product_cat","embeddable":true,"href":"https:\/\/clinicadelriohortega.es\/en\/wp-json\/wp\/v2\/product_cat?post=4455"},{"taxonomy":"product_tag","embeddable":true,"href":"https:\/\/clinicadelriohortega.es\/en\/wp-json\/wp\/v2\/product_tag?post=4455"},{"taxonomy":"giftcard-category","embeddable":true,"href":"https:\/\/clinicadelriohortega.es\/en\/wp-json\/wp\/v2\/giftcard-category?post=4455"}],"curies":[{"name":"wp","href":"https:\/\/api.w.org\/{rel}","templated":true}]}}