{"id":4451,"date":"2021-04-21T08:34:16","date_gmt":"2021-04-21T07:34:16","guid":{"rendered":"http:\/\/prueba.clinicadelriohortega.es\/?post_type=product&#038;p=4451"},"modified":"2025-01-31T10:22:20","modified_gmt":"2025-01-31T09:22:20","slug":"envoltura-sublime-de-oro","status":"publish","type":"product","link":"https:\/\/clinicadelriohortega.es\/en\/product\/envoltura-sublime-de-oro\/","title":{"rendered":"Envoltura Sublime de Seda"},"content":{"rendered":"<h2>Envoltura Sublime de Seda.<\/h2>\n<p>Las prote\u00ednas de seda es uno de los tratamientos por excelencia de Spa y Bienestar. Gracias a su rica composici\u00f3n en amino\u00e1cidos conseguiremos obtener una piel hidratada y prevenir los signos del envejecimiento.<\/p>\n","protected":false},"excerpt":{"rendered":"<h2>Envoltura Sublime de Seda.<\/h2>\n<p>Las prote\u00ednas de seda es uno de los tratamientos por excelencia de Spa y Bienestar. Gracias a su rica composici\u00f3n en amino\u00e1cidos conseguiremos obtener una piel hidratada y prevenir los signos del envejecimiento.<\/p>\n","protected":false},"featured_media":4477,"template":"","meta":[],"product_brand":[],"product_cat":[43],"product_tag":[89],"giftcard-category":[],"class_list":{"0":"post-4451","1":"product","2":"type-product","3":"status-publish","4":"has-post-thumbnail","6":"product_cat-especial-regalos","7":"product_tag-cldh0522","9":"first","10":"instock","11":"shipping-taxable","12":"purchasable","13":"product-type-simple"},"_links":{"self":[{"href":"https:\/\/clinicadelriohortega.es\/en\/wp-json\/wp\/v2\/product\/4451","targetHints":{"allow":["GET"]}}],"collection":[{"href":"https:\/\/clinicadelriohortega.es\/en\/wp-json\/wp\/v2\/product"}],"about":[{"href":"https:\/\/clinicadelriohortega.es\/en\/wp-json\/wp\/v2\/types\/product"}],"wp:featuredmedia":[{"embeddable":true,"href":"https:\/\/clinicadelriohortega.es\/en\/wp-json\/wp\/v2\/media\/4477"}],"wp:attachment":[{"href":"https:\/\/clinicadelriohortega.es\/en\/wp-json\/wp\/v2\/media?parent=4451"}],"wp:term":[{"taxonomy":"product_brand","embeddable":true,"href":"https:\/\/clinicadelriohortega.es\/en\/wp-json\/wp\/v2\/product_brand?post=4451"},{"taxonomy":"product_cat","embeddable":true,"href":"https:\/\/clinicadelriohortega.es\/en\/wp-json\/wp\/v2\/product_cat?post=4451"},{"taxonomy":"product_tag","embeddable":true,"href":"https:\/\/clinicadelriohortega.es\/en\/wp-json\/wp\/v2\/product_tag?post=4451"},{"taxonomy":"giftcard-category","embeddable":true,"href":"https:\/\/clinicadelriohortega.es\/en\/wp-json\/wp\/v2\/giftcard-category?post=4451"}],"curies":[{"name":"wp","href":"https:\/\/api.w.org\/{rel}","templated":true}]}}