{"id":4450,"date":"2021-04-21T08:31:05","date_gmt":"2021-04-21T07:31:05","guid":{"rendered":"http:\/\/prueba.clinicadelriohortega.es\/?post_type=product&#038;p=4450"},"modified":"2025-01-15T17:46:06","modified_gmt":"2025-01-15T16:46:06","slug":"masaje-de-piedras-termales","status":"publish","type":"product","link":"https:\/\/clinicadelriohortega.es\/en\/product\/masaje-de-piedras-termales\/","title":{"rendered":"Masaje de Piedras Termales"},"content":{"rendered":"<h2>Masaje de Piedras Calientes.<\/h2>\n<p>El poder del masaje con piedras termales es un aut\u00e9ntico placer para los sentidos gracias a la combinaci\u00f3n del masaje terap\u00e9utico tradicional junto con la aplicaci\u00f3n en la piel de piedras volc\u00e1nicas a diferentes temperaturas.<\/p>\n","protected":false},"excerpt":{"rendered":"<h2>Masaje de Piedras Termales.<\/h2>\n<p>El poder del masaje con piedras termales es un aut\u00e9ntico placer para los sentidos gracias a la combinaci\u00f3n del masaje terap\u00e9utico tradicional junto con la aplicaci\u00f3n en la piel de piedras volc\u00e1nicas a diferentes temperaturas.<\/p>\n","protected":false},"featured_media":4476,"template":"","meta":[],"product_brand":[],"product_cat":[43,96],"product_tag":[89],"giftcard-category":[],"class_list":{"0":"post-4450","1":"product","2":"type-product","3":"status-publish","4":"has-post-thumbnail","6":"product_cat-especial-regalos","7":"product_cat-regalos-de-navidad","8":"product_tag-cldh0522","10":"first","11":"instock","12":"shipping-taxable","13":"purchasable","14":"product-type-simple"},"_links":{"self":[{"href":"https:\/\/clinicadelriohortega.es\/en\/wp-json\/wp\/v2\/product\/4450","targetHints":{"allow":["GET"]}}],"collection":[{"href":"https:\/\/clinicadelriohortega.es\/en\/wp-json\/wp\/v2\/product"}],"about":[{"href":"https:\/\/clinicadelriohortega.es\/en\/wp-json\/wp\/v2\/types\/product"}],"wp:featuredmedia":[{"embeddable":true,"href":"https:\/\/clinicadelriohortega.es\/en\/wp-json\/wp\/v2\/media\/4476"}],"wp:attachment":[{"href":"https:\/\/clinicadelriohortega.es\/en\/wp-json\/wp\/v2\/media?parent=4450"}],"wp:term":[{"taxonomy":"product_brand","embeddable":true,"href":"https:\/\/clinicadelriohortega.es\/en\/wp-json\/wp\/v2\/product_brand?post=4450"},{"taxonomy":"product_cat","embeddable":true,"href":"https:\/\/clinicadelriohortega.es\/en\/wp-json\/wp\/v2\/product_cat?post=4450"},{"taxonomy":"product_tag","embeddable":true,"href":"https:\/\/clinicadelriohortega.es\/en\/wp-json\/wp\/v2\/product_tag?post=4450"},{"taxonomy":"giftcard-category","embeddable":true,"href":"https:\/\/clinicadelriohortega.es\/en\/wp-json\/wp\/v2\/giftcard-category?post=4450"}],"curies":[{"name":"wp","href":"https:\/\/api.w.org\/{rel}","templated":true}]}}