{"id":4449,"date":"2021-04-21T08:26:55","date_gmt":"2021-04-21T07:26:55","guid":{"rendered":"http:\/\/prueba.clinicadelriohortega.es\/?post_type=product&#038;p=4449"},"modified":"2024-06-30T13:30:12","modified_gmt":"2024-06-30T12:30:12","slug":"lipolaser","status":"publish","type":"product","link":"https:\/\/clinicadelriohortega.es\/en\/product\/lipolaser\/","title":{"rendered":"Lipol\u00e1ser"},"content":{"rendered":"<h2>Lipol\u00e1ser.<\/h2>\n<p>El sistema<strong>\u00a0Lipol\u00e1ser System\u00a0<\/strong>utiliza un sistema de diodo fr\u00edo para la\u00a0<strong>eliminaci\u00f3n de grasa y la reducci\u00f3n del contorno<\/strong>.\u00a0Con el paso del tiempo y tras comprobar los grandes resultados que est\u00e1 dando, se est\u00e1 expandiendo de una forma r\u00e1pida, convirti\u00e9ndose as\u00ed en uno de nuestros mejores aliados para luchar contra las cartucheras y michelines.<\/p>\n","protected":false},"excerpt":{"rendered":"<h2>Lipol\u00e1ser.<\/h2>\n<p>El sistema<strong>\u00a0Lipol\u00e1ser System\u00a0<\/strong>utiliza un sistema de diodo fr\u00edo para la\u00a0<strong>eliminaci\u00f3n de grasa y la reducci\u00f3n del contorno<\/strong>.\u00a0Con el paso del tiempo y tras comprobar los grandes resultados que est\u00e1 dando, se est\u00e1 expandiendo de una forma r\u00e1pida, convirti\u00e9ndose as\u00ed en uno de nuestros mejores aliados para luchar contra las cartucheras y michelines.<\/p>\n","protected":false},"featured_media":4475,"template":"","meta":[],"product_brand":[],"product_cat":[39],"product_tag":[89],"giftcard-category":[],"class_list":{"0":"post-4449","1":"product","2":"type-product","3":"status-publish","4":"has-post-thumbnail","6":"product_cat-medicina-estetica","7":"product_tag-cldh0522","9":"first","10":"instock","11":"shipping-taxable","12":"purchasable","13":"product-type-simple"},"_links":{"self":[{"href":"https:\/\/clinicadelriohortega.es\/en\/wp-json\/wp\/v2\/product\/4449","targetHints":{"allow":["GET"]}}],"collection":[{"href":"https:\/\/clinicadelriohortega.es\/en\/wp-json\/wp\/v2\/product"}],"about":[{"href":"https:\/\/clinicadelriohortega.es\/en\/wp-json\/wp\/v2\/types\/product"}],"wp:featuredmedia":[{"embeddable":true,"href":"https:\/\/clinicadelriohortega.es\/en\/wp-json\/wp\/v2\/media\/4475"}],"wp:attachment":[{"href":"https:\/\/clinicadelriohortega.es\/en\/wp-json\/wp\/v2\/media?parent=4449"}],"wp:term":[{"taxonomy":"product_brand","embeddable":true,"href":"https:\/\/clinicadelriohortega.es\/en\/wp-json\/wp\/v2\/product_brand?post=4449"},{"taxonomy":"product_cat","embeddable":true,"href":"https:\/\/clinicadelriohortega.es\/en\/wp-json\/wp\/v2\/product_cat?post=4449"},{"taxonomy":"product_tag","embeddable":true,"href":"https:\/\/clinicadelriohortega.es\/en\/wp-json\/wp\/v2\/product_tag?post=4449"},{"taxonomy":"giftcard-category","embeddable":true,"href":"https:\/\/clinicadelriohortega.es\/en\/wp-json\/wp\/v2\/giftcard-category?post=4449"}],"curies":[{"name":"wp","href":"https:\/\/api.w.org\/{rel}","templated":true}]}}