{"id":4442,"date":"2021-04-20T18:51:16","date_gmt":"2021-04-20T17:51:16","guid":{"rendered":"http:\/\/prueba.clinicadelriohortega.es\/?post_type=product&#038;p=4442"},"modified":"2024-03-18T08:19:00","modified_gmt":"2024-03-18T07:19:00","slug":"limpieza-facial-diamond-higienic-face","status":"publish","type":"product","link":"https:\/\/clinicadelriohortega.es\/en\/product\/limpieza-facial-diamond-higienic-face\/","title":{"rendered":"Limpieza Facial Diamond Higienic Face"},"content":{"rendered":"<h2>Limpieza Facial Diamond Higienic Face.<\/h2>\n<p><strong>La exfoliaci\u00f3n con punta de diamante\u00a0<\/strong>es sin\u00f3nimo de piel bella. Este\u00a0<strong>peeling mec\u00e1nico<\/strong>\u00a0consiste en la realizaci\u00f3n de un barrido en la capa superficial de la piel, a trav\u00e9s de un sistema de succi\u00f3n con peque\u00f1os cabezales compuestos por micro esferas, variando su grosor y tama\u00f1o seg\u00fan la zona a tratar y el nivel de exfoliaci\u00f3n que se desea obtener.<\/p>\n","protected":false},"excerpt":{"rendered":"<h2>Limpieza Facial Diamond Higienic Face.<\/h2>\n<p><strong>La exfoliaci\u00f3n con punta de diamante\u00a0<\/strong>es sin\u00f3nimo de piel bella. Este\u00a0<strong>peeling mec\u00e1nico<\/strong>\u00a0consiste en la realizaci\u00f3n de un barrido en la capa superficial de la piel, a trav\u00e9s de un sistema de succi\u00f3n con peque\u00f1os cabezales compuestos por micro esferas, variando su grosor y tama\u00f1o seg\u00fan la zona a tratar y el nivel de exfoliaci\u00f3n que se desea obtener.<\/p>\n","protected":false},"featured_media":4474,"template":"","meta":[],"product_brand":[],"product_cat":[39],"product_tag":[89],"giftcard-category":[],"class_list":{"0":"post-4442","1":"product","2":"type-product","3":"status-publish","4":"has-post-thumbnail","6":"product_cat-medicina-estetica","7":"product_tag-cldh0522","9":"first","10":"instock","11":"shipping-taxable","12":"purchasable","13":"product-type-simple"},"_links":{"self":[{"href":"https:\/\/clinicadelriohortega.es\/en\/wp-json\/wp\/v2\/product\/4442","targetHints":{"allow":["GET"]}}],"collection":[{"href":"https:\/\/clinicadelriohortega.es\/en\/wp-json\/wp\/v2\/product"}],"about":[{"href":"https:\/\/clinicadelriohortega.es\/en\/wp-json\/wp\/v2\/types\/product"}],"wp:featuredmedia":[{"embeddable":true,"href":"https:\/\/clinicadelriohortega.es\/en\/wp-json\/wp\/v2\/media\/4474"}],"wp:attachment":[{"href":"https:\/\/clinicadelriohortega.es\/en\/wp-json\/wp\/v2\/media?parent=4442"}],"wp:term":[{"taxonomy":"product_brand","embeddable":true,"href":"https:\/\/clinicadelriohortega.es\/en\/wp-json\/wp\/v2\/product_brand?post=4442"},{"taxonomy":"product_cat","embeddable":true,"href":"https:\/\/clinicadelriohortega.es\/en\/wp-json\/wp\/v2\/product_cat?post=4442"},{"taxonomy":"product_tag","embeddable":true,"href":"https:\/\/clinicadelriohortega.es\/en\/wp-json\/wp\/v2\/product_tag?post=4442"},{"taxonomy":"giftcard-category","embeddable":true,"href":"https:\/\/clinicadelriohortega.es\/en\/wp-json\/wp\/v2\/giftcard-category?post=4442"}],"curies":[{"name":"wp","href":"https:\/\/api.w.org\/{rel}","templated":true}]}}