{"id":4436,"date":"2021-04-20T18:40:56","date_gmt":"2021-04-20T17:40:56","guid":{"rendered":"http:\/\/prueba.clinicadelriohortega.es\/?post_type=product&#038;p=4436"},"modified":"2025-01-31T10:22:56","modified_gmt":"2025-01-31T09:22:56","slug":"exfoliacion-profunda-masaje-integral","status":"publish","type":"product","link":"https:\/\/clinicadelriohortega.es\/en\/product\/exfoliacion-profunda-masaje-integral\/","title":{"rendered":"Exfoliaci\u00f3n Profunda + Masaje Integral"},"content":{"rendered":"<h2>Exfoliaci\u00f3n Profunda + Masaje Integral.<\/h2>\n<p>Es un combo perfecto para el cuidado de tu piel y cuerpo. Primero realizaremos una exfoliaci\u00f3n de toda la piel corporal para finalizar con un masaje integral donde recuperaremos tu equilibrio y paz interior, haci\u00e9ndote sentir cada instante con los diferentes aceites e esencias que usamos. Es m\u00e1s que un regalo.<\/p>\n","protected":false},"excerpt":{"rendered":"<h2>Exfoliaci\u00f3n Profunda + Masaje Integral.<\/h2>\n<p>Es un combo perfecto para el cuidado de tu piel y cuerpo. Primero realizaremos una exfoliaci\u00f3n de toda la piel corporal para finalizar con un masaje integral donde recuperaremos tu equilibrio y paz interior, haci\u00e9ndote sentir cada instante con los diferentes aceites e esencias que usamos. Es m\u00e1s que un regalo.<\/p>\n","protected":false},"featured_media":4444,"template":"","meta":[],"product_brand":[],"product_cat":[43,96],"product_tag":[89],"giftcard-category":[],"class_list":{"0":"post-4436","1":"product","2":"type-product","3":"status-publish","4":"has-post-thumbnail","6":"product_cat-especial-regalos","7":"product_cat-regalos-de-navidad","8":"product_tag-cldh0522","10":"first","11":"instock","12":"shipping-taxable","13":"purchasable","14":"product-type-simple"},"_links":{"self":[{"href":"https:\/\/clinicadelriohortega.es\/en\/wp-json\/wp\/v2\/product\/4436","targetHints":{"allow":["GET"]}}],"collection":[{"href":"https:\/\/clinicadelriohortega.es\/en\/wp-json\/wp\/v2\/product"}],"about":[{"href":"https:\/\/clinicadelriohortega.es\/en\/wp-json\/wp\/v2\/types\/product"}],"wp:featuredmedia":[{"embeddable":true,"href":"https:\/\/clinicadelriohortega.es\/en\/wp-json\/wp\/v2\/media\/4444"}],"wp:attachment":[{"href":"https:\/\/clinicadelriohortega.es\/en\/wp-json\/wp\/v2\/media?parent=4436"}],"wp:term":[{"taxonomy":"product_brand","embeddable":true,"href":"https:\/\/clinicadelriohortega.es\/en\/wp-json\/wp\/v2\/product_brand?post=4436"},{"taxonomy":"product_cat","embeddable":true,"href":"https:\/\/clinicadelriohortega.es\/en\/wp-json\/wp\/v2\/product_cat?post=4436"},{"taxonomy":"product_tag","embeddable":true,"href":"https:\/\/clinicadelriohortega.es\/en\/wp-json\/wp\/v2\/product_tag?post=4436"},{"taxonomy":"giftcard-category","embeddable":true,"href":"https:\/\/clinicadelriohortega.es\/en\/wp-json\/wp\/v2\/giftcard-category?post=4436"}],"curies":[{"name":"wp","href":"https:\/\/api.w.org\/{rel}","templated":true}]}}