{"id":4435,"date":"2021-04-20T18:37:32","date_gmt":"2021-04-20T17:37:32","guid":{"rendered":"http:\/\/prueba.clinicadelriohortega.es\/?post_type=product&#038;p=4435"},"modified":"2022-05-18T13:29:33","modified_gmt":"2022-05-18T12:29:33","slug":"electroestimulacion","status":"publish","type":"product","link":"https:\/\/clinicadelriohortega.es\/en\/product\/electroestimulacion\/","title":{"rendered":"Electroestimulaci\u00f3n"},"content":{"rendered":"<h2>Electroestimulaci\u00f3n.<\/h2>\n<p>Le\u00a0<strong>electroestimulaci\u00f3n\u00a0<\/strong>es una t\u00e9cnica muy utilizada en el \u00e1mbito del fitness y la est\u00e9tica. Se trata del uso de aparatos que, mediante impulsos el\u00e9ctricos, provocan contracciones musculares y, como consecuencia, un efecto similar al que se obtendr\u00eda ejercitando los m\u00fasculos.<\/p>\n","protected":false},"excerpt":{"rendered":"<h2>Electroestimulaci\u00f3n.<\/h2>\n<p>Le\u00a0<strong>electroestimulaci\u00f3n\u00a0<\/strong>es una t\u00e9cnica muy utilizada en el \u00e1mbito del fitness y la est\u00e9tica. Se trata del uso de aparatos que, mediante impulsos el\u00e9ctricos, provocan contracciones musculares y, como consecuencia, un efecto similar al que se obtendr\u00eda ejercitando los m\u00fasculos.<\/p>\n","protected":false},"featured_media":4443,"template":"","meta":[],"product_brand":[],"product_cat":[39],"product_tag":[89],"giftcard-category":[],"class_list":{"0":"post-4435","1":"product","2":"type-product","3":"status-publish","4":"has-post-thumbnail","6":"product_cat-medicina-estetica","7":"product_tag-cldh0522","9":"first","10":"instock","11":"shipping-taxable","12":"purchasable","13":"product-type-simple"},"_links":{"self":[{"href":"https:\/\/clinicadelriohortega.es\/en\/wp-json\/wp\/v2\/product\/4435","targetHints":{"allow":["GET"]}}],"collection":[{"href":"https:\/\/clinicadelriohortega.es\/en\/wp-json\/wp\/v2\/product"}],"about":[{"href":"https:\/\/clinicadelriohortega.es\/en\/wp-json\/wp\/v2\/types\/product"}],"wp:featuredmedia":[{"embeddable":true,"href":"https:\/\/clinicadelriohortega.es\/en\/wp-json\/wp\/v2\/media\/4443"}],"wp:attachment":[{"href":"https:\/\/clinicadelriohortega.es\/en\/wp-json\/wp\/v2\/media?parent=4435"}],"wp:term":[{"taxonomy":"product_brand","embeddable":true,"href":"https:\/\/clinicadelriohortega.es\/en\/wp-json\/wp\/v2\/product_brand?post=4435"},{"taxonomy":"product_cat","embeddable":true,"href":"https:\/\/clinicadelriohortega.es\/en\/wp-json\/wp\/v2\/product_cat?post=4435"},{"taxonomy":"product_tag","embeddable":true,"href":"https:\/\/clinicadelriohortega.es\/en\/wp-json\/wp\/v2\/product_tag?post=4435"},{"taxonomy":"giftcard-category","embeddable":true,"href":"https:\/\/clinicadelriohortega.es\/en\/wp-json\/wp\/v2\/giftcard-category?post=4435"}],"curies":[{"name":"wp","href":"https:\/\/api.w.org\/{rel}","templated":true}]}}