{"id":4433,"date":"2021-04-20T18:34:44","date_gmt":"2021-04-20T17:34:44","guid":{"rendered":"http:\/\/prueba.clinicadelriohortega.es\/?post_type=product&#038;p=4433"},"modified":"2024-03-18T07:50:38","modified_gmt":"2024-03-18T06:50:38","slug":"tratamiento-de-manchas-con-ipl","status":"publish","type":"product","link":"https:\/\/clinicadelriohortega.es\/en\/product\/tratamiento-de-manchas-con-ipl\/","title":{"rendered":"Tratamiento de Manchas con IPL"},"content":{"rendered":"<h2>Tratamiento de Manchas con IPL.<\/h2>\n<p>El IPL es un tratamiento no agresivo que permite realizar varias sesiones. El n\u00famero de sesiones variar\u00e1 seg\u00fan el diagnostico del dermat\u00f3logo. El tratamiento debe iniciarse con la piel perfectamente limpia, sin maquillaje ni cremas. Se realiza utilizando un gel fr\u00edo sobre la zona que permite la transmisi\u00f3n de la energ\u00eda de la luz y un sistema de enfriamiento que protege las capas m\u00e1s superficiales de la piel. El procedimiento dura aproximadamente unos 30 minutos y despu\u00e9s del tratamiento el paciente puede maquillarse e incorporarse a su vida normal.<\/p>\n","protected":false},"excerpt":{"rendered":"<h2>Tratamiento de Manchas con IPL.<\/h2>\n<p>El IPL es un tratamiento no agresivo que permite realizar varias sesiones. El n\u00famero de sesiones variar\u00e1 seg\u00fan el diagnostico del dermat\u00f3logo. El tratamiento debe iniciarse con la piel perfectamente limpia, sin maquillaje ni cremas. Se realiza utilizando un gel fr\u00edo sobre la zona que permite la transmisi\u00f3n de la energ\u00eda de la luz y un sistema de enfriamiento que protege las capas m\u00e1s superficiales de la piel. El procedimiento dura aproximadamente unos 30 minutos y despu\u00e9s del tratamiento el paciente puede maquillarse e incorporarse a su vida normal.<\/p>\n","protected":false},"featured_media":4434,"template":"","meta":[],"product_brand":[],"product_cat":[39],"product_tag":[89],"giftcard-category":[],"class_list":{"0":"post-4433","1":"product","2":"type-product","3":"status-publish","4":"has-post-thumbnail","6":"product_cat-medicina-estetica","7":"product_tag-cldh0522","9":"first","10":"instock","11":"shipping-taxable","12":"purchasable","13":"product-type-simple"},"_links":{"self":[{"href":"https:\/\/clinicadelriohortega.es\/en\/wp-json\/wp\/v2\/product\/4433","targetHints":{"allow":["GET"]}}],"collection":[{"href":"https:\/\/clinicadelriohortega.es\/en\/wp-json\/wp\/v2\/product"}],"about":[{"href":"https:\/\/clinicadelriohortega.es\/en\/wp-json\/wp\/v2\/types\/product"}],"wp:featuredmedia":[{"embeddable":true,"href":"https:\/\/clinicadelriohortega.es\/en\/wp-json\/wp\/v2\/media\/4434"}],"wp:attachment":[{"href":"https:\/\/clinicadelriohortega.es\/en\/wp-json\/wp\/v2\/media?parent=4433"}],"wp:term":[{"taxonomy":"product_brand","embeddable":true,"href":"https:\/\/clinicadelriohortega.es\/en\/wp-json\/wp\/v2\/product_brand?post=4433"},{"taxonomy":"product_cat","embeddable":true,"href":"https:\/\/clinicadelriohortega.es\/en\/wp-json\/wp\/v2\/product_cat?post=4433"},{"taxonomy":"product_tag","embeddable":true,"href":"https:\/\/clinicadelriohortega.es\/en\/wp-json\/wp\/v2\/product_tag?post=4433"},{"taxonomy":"giftcard-category","embeddable":true,"href":"https:\/\/clinicadelriohortega.es\/en\/wp-json\/wp\/v2\/giftcard-category?post=4433"}],"curies":[{"name":"wp","href":"https:\/\/api.w.org\/{rel}","templated":true}]}}