{"id":4430,"date":"2021-04-20T18:30:32","date_gmt":"2021-04-20T17:30:32","guid":{"rendered":"http:\/\/prueba.clinicadelriohortega.es\/?post_type=product&#038;p=4430"},"modified":"2025-04-16T12:00:38","modified_gmt":"2025-04-16T11:00:38","slug":"criolipolisis","status":"publish","type":"product","link":"https:\/\/clinicadelriohortega.es\/en\/product\/criolipolisis\/","title":{"rendered":"Criolip\u00f3lisis"},"content":{"rendered":"<h2>Criolip\u00f3lisis.<\/h2>\n<p><strong>La criolip\u00f3lisis es la \u00fanica t\u00e9cnica que destruye el adipocito sin cirug\u00eda<\/strong>, mediante apoptosis, con lo cual no se vuelve a recuperar volumen en la zona tratada. En funci\u00f3n de la profundidad inicial del tejido graso, la p\u00e9rdida media se situar\u00e1 entre 3 y 15 mm (entre el 25 y 45% del tejido graso),\u00a0<strong>consiguiendo resultados visibles a partir de 15 d\u00edas desde la primera sesi\u00f3n<\/strong>, siendo preciso esperar un m\u00ednimo de seis semanas para evaluar los resultados finales.<\/p>\n","protected":false},"excerpt":{"rendered":"<h2>Criolip\u00f3lisis.<\/h2>\n<p><strong>La criolip\u00f3lisis es la \u00fanica t\u00e9cnica que destruye el adipocito sin cirug\u00eda<\/strong>, mediante apoptosis, con lo cual no se vuelve a recuperar volumen en la zona tratada. En funci\u00f3n de la profundidad inicial del tejido graso, la p\u00e9rdida media se situar\u00e1 entre 3 y 15 mm (entre el 25 y 45% del tejido graso),\u00a0<strong>consiguiendo resultados visibles a partir de 15 d\u00edas desde la primera sesi\u00f3n<\/strong>, siendo preciso esperar un m\u00ednimo de seis semanas para evaluar los resultados finales.<\/p>\n","protected":false},"featured_media":13423,"template":"","meta":[],"product_brand":[],"product_cat":[39],"product_tag":[89],"giftcard-category":[],"class_list":{"0":"post-4430","1":"product","2":"type-product","3":"status-publish","4":"has-post-thumbnail","6":"product_cat-medicina-estetica","7":"product_tag-cldh0522","9":"first","10":"instock","11":"shipping-taxable","12":"purchasable","13":"product-type-simple"},"_links":{"self":[{"href":"https:\/\/clinicadelriohortega.es\/en\/wp-json\/wp\/v2\/product\/4430","targetHints":{"allow":["GET"]}}],"collection":[{"href":"https:\/\/clinicadelriohortega.es\/en\/wp-json\/wp\/v2\/product"}],"about":[{"href":"https:\/\/clinicadelriohortega.es\/en\/wp-json\/wp\/v2\/types\/product"}],"wp:featuredmedia":[{"embeddable":true,"href":"https:\/\/clinicadelriohortega.es\/en\/wp-json\/wp\/v2\/media\/13423"}],"wp:attachment":[{"href":"https:\/\/clinicadelriohortega.es\/en\/wp-json\/wp\/v2\/media?parent=4430"}],"wp:term":[{"taxonomy":"product_brand","embeddable":true,"href":"https:\/\/clinicadelriohortega.es\/en\/wp-json\/wp\/v2\/product_brand?post=4430"},{"taxonomy":"product_cat","embeddable":true,"href":"https:\/\/clinicadelriohortega.es\/en\/wp-json\/wp\/v2\/product_cat?post=4430"},{"taxonomy":"product_tag","embeddable":true,"href":"https:\/\/clinicadelriohortega.es\/en\/wp-json\/wp\/v2\/product_tag?post=4430"},{"taxonomy":"giftcard-category","embeddable":true,"href":"https:\/\/clinicadelriohortega.es\/en\/wp-json\/wp\/v2\/giftcard-category?post=4430"}],"curies":[{"name":"wp","href":"https:\/\/api.w.org\/{rel}","templated":true}]}}