{"id":4428,"date":"2021-04-20T18:24:56","date_gmt":"2021-04-20T17:24:56","guid":{"rendered":"http:\/\/prueba.clinicadelriohortega.es\/?post_type=product&#038;p=4428"},"modified":"2025-01-31T10:19:52","modified_gmt":"2025-01-31T09:19:52","slug":"chocolaterapia","status":"publish","type":"product","link":"https:\/\/clinicadelriohortega.es\/en\/product\/chocolaterapia\/","title":{"rendered":"Chocolaterapia"},"content":{"rendered":"<h2>Chocolaterapia.<\/h2>\n<p>En este maravilloso tratamiento de\u00a0Spa y Bienestar te sumergir\u00e1s en el agradable aroma del cacao, el cual aporta infinitas sensaciones positivas en el organismo y te beneficiar\u00e1s de las m\u00faltiples propiedades que aporta a tu piel, enriqueci\u00e9ndola gracias a la gran concentraci\u00f3n de minerales que posee como el magnesio, el potasio y el calcio.<\/p>\n","protected":false},"excerpt":{"rendered":"<h2>Chocolaterapia.<\/h2>\n<p>En este maravilloso tratamiento de\u00a0Spa y Bienestar te sumergir\u00e1s en el agradable aroma del cacao, el cual aporta infinitas sensaciones positivas en el organismo y te beneficiar\u00e1s de las m\u00faltiples propiedades que aporta a tu piel, enriqueci\u00e9ndola gracias a la gran concentraci\u00f3n de minerales que posee como el magnesio, el potasio y el calcio.<\/p>\n","protected":false},"featured_media":4429,"template":"","meta":[],"product_brand":[],"product_cat":[43,96],"product_tag":[89],"giftcard-category":[],"class_list":{"0":"post-4428","1":"product","2":"type-product","3":"status-publish","4":"has-post-thumbnail","6":"product_cat-especial-regalos","7":"product_cat-regalos-de-navidad","8":"product_tag-cldh0522","10":"first","11":"instock","12":"shipping-taxable","13":"purchasable","14":"product-type-simple"},"_links":{"self":[{"href":"https:\/\/clinicadelriohortega.es\/en\/wp-json\/wp\/v2\/product\/4428","targetHints":{"allow":["GET"]}}],"collection":[{"href":"https:\/\/clinicadelriohortega.es\/en\/wp-json\/wp\/v2\/product"}],"about":[{"href":"https:\/\/clinicadelriohortega.es\/en\/wp-json\/wp\/v2\/types\/product"}],"wp:featuredmedia":[{"embeddable":true,"href":"https:\/\/clinicadelriohortega.es\/en\/wp-json\/wp\/v2\/media\/4429"}],"wp:attachment":[{"href":"https:\/\/clinicadelriohortega.es\/en\/wp-json\/wp\/v2\/media?parent=4428"}],"wp:term":[{"taxonomy":"product_brand","embeddable":true,"href":"https:\/\/clinicadelriohortega.es\/en\/wp-json\/wp\/v2\/product_brand?post=4428"},{"taxonomy":"product_cat","embeddable":true,"href":"https:\/\/clinicadelriohortega.es\/en\/wp-json\/wp\/v2\/product_cat?post=4428"},{"taxonomy":"product_tag","embeddable":true,"href":"https:\/\/clinicadelriohortega.es\/en\/wp-json\/wp\/v2\/product_tag?post=4428"},{"taxonomy":"giftcard-category","embeddable":true,"href":"https:\/\/clinicadelriohortega.es\/en\/wp-json\/wp\/v2\/giftcard-category?post=4428"}],"curies":[{"name":"wp","href":"https:\/\/api.w.org\/{rel}","templated":true}]}}