{"id":4425,"date":"2021-04-20T18:10:56","date_gmt":"2021-04-20T17:10:56","guid":{"rendered":"http:\/\/prueba.clinicadelriohortega.es\/?post_type=product&#038;p=4425"},"modified":"2024-03-23T07:40:31","modified_gmt":"2024-03-23T06:40:31","slug":"cavitacion","status":"publish","type":"product","link":"https:\/\/clinicadelriohortega.es\/en\/product\/cavitacion\/","title":{"rendered":"Cavitaci\u00f3n"},"content":{"rendered":"<h2>Cavitaci\u00f3n.<\/h2>\n<p>La cavitaci\u00f3n es una t\u00e9cnica no quir\u00fargica para\u00a0<strong>eliminar la grasa localizada<\/strong>\u00a0mediante el uso de ultrasonidos de baja frecuencia.<\/p>\n","protected":false},"excerpt":{"rendered":"<h2>Cavitaci\u00f3n.<\/h2>\n<p>La cavitaci\u00f3n es una t\u00e9cnica no quir\u00fargica para\u00a0<strong>eliminar la grasa localizada<\/strong>\u00a0mediante el uso de ultrasonidos de baja frecuencia.<\/p>\n","protected":false},"featured_media":4427,"template":"","meta":[],"product_brand":[],"product_cat":[39],"product_tag":[89],"giftcard-category":[],"class_list":{"0":"post-4425","1":"product","2":"type-product","3":"status-publish","4":"has-post-thumbnail","6":"product_cat-medicina-estetica","7":"product_tag-cldh0522","9":"first","10":"instock","11":"shipping-taxable","12":"purchasable","13":"product-type-simple"},"_links":{"self":[{"href":"https:\/\/clinicadelriohortega.es\/en\/wp-json\/wp\/v2\/product\/4425","targetHints":{"allow":["GET"]}}],"collection":[{"href":"https:\/\/clinicadelriohortega.es\/en\/wp-json\/wp\/v2\/product"}],"about":[{"href":"https:\/\/clinicadelriohortega.es\/en\/wp-json\/wp\/v2\/types\/product"}],"wp:featuredmedia":[{"embeddable":true,"href":"https:\/\/clinicadelriohortega.es\/en\/wp-json\/wp\/v2\/media\/4427"}],"wp:attachment":[{"href":"https:\/\/clinicadelriohortega.es\/en\/wp-json\/wp\/v2\/media?parent=4425"}],"wp:term":[{"taxonomy":"product_brand","embeddable":true,"href":"https:\/\/clinicadelriohortega.es\/en\/wp-json\/wp\/v2\/product_brand?post=4425"},{"taxonomy":"product_cat","embeddable":true,"href":"https:\/\/clinicadelriohortega.es\/en\/wp-json\/wp\/v2\/product_cat?post=4425"},{"taxonomy":"product_tag","embeddable":true,"href":"https:\/\/clinicadelriohortega.es\/en\/wp-json\/wp\/v2\/product_tag?post=4425"},{"taxonomy":"giftcard-category","embeddable":true,"href":"https:\/\/clinicadelriohortega.es\/en\/wp-json\/wp\/v2\/giftcard-category?post=4425"}],"curies":[{"name":"wp","href":"https:\/\/api.w.org\/{rel}","templated":true}]}}