{"id":2331,"date":"2021-02-22T11:11:42","date_gmt":"2021-02-22T10:11:42","guid":{"rendered":"http:\/\/prueba.clinicadelriohortega.es\/?post_type=product&#038;p=2331"},"modified":"2025-01-15T17:46:20","modified_gmt":"2025-01-15T16:46:20","slug":"bambuterapia","status":"publish","type":"product","link":"https:\/\/clinicadelriohortega.es\/en\/product\/bambuterapia\/","title":{"rendered":"Bambuterapia"},"content":{"rendered":"<h2><strong>Bambuterapia.<\/strong><\/h2>\n<p>Conecta con la naturaleza y con tu interior a trav\u00e9s de un placentero masaje con ca\u00f1as de bamb\u00fa. En esta terapia alternativa, trabajaremos cada zona de tu cuerpo con ca\u00f1as de bamb\u00fa de diferentes tama\u00f1os y di\u00e1metros, mediante fricci\u00f3n, percusi\u00f3n y centro-presi\u00f3n de \u00e9stas, con el objetivo de estimular la piel profundamente, m\u00fasculos, tejido adiposo y sistema nervioso.<\/p>\n","protected":false},"excerpt":{"rendered":"<h2><strong>Bambuterapia.<\/strong><\/h2>\n<p>Conecta con la naturaleza y con tu interior a trav\u00e9s de un placentero masaje con ca\u00f1as de bamb\u00fa. En esta terapia alternativa, trabajaremos cada zona de tu cuerpo con ca\u00f1as de bamb\u00fa de diferentes tama\u00f1os y di\u00e1metros, mediante fricci\u00f3n, percusi\u00f3n y centro-presi\u00f3n de \u00e9stas, con el objetivo de estimular la piel profundamente, m\u00fasculos, tejido adiposo y sistema nervioso.<\/p>\n","protected":false},"featured_media":4422,"template":"","meta":[],"product_brand":[],"product_cat":[43],"product_tag":[89],"giftcard-category":[],"class_list":{"0":"post-2331","1":"product","2":"type-product","3":"status-publish","4":"has-post-thumbnail","6":"product_cat-especial-regalos","7":"product_tag-cldh0522","9":"first","10":"instock","11":"shipping-taxable","12":"purchasable","13":"product-type-simple"},"_links":{"self":[{"href":"https:\/\/clinicadelriohortega.es\/en\/wp-json\/wp\/v2\/product\/2331","targetHints":{"allow":["GET"]}}],"collection":[{"href":"https:\/\/clinicadelriohortega.es\/en\/wp-json\/wp\/v2\/product"}],"about":[{"href":"https:\/\/clinicadelriohortega.es\/en\/wp-json\/wp\/v2\/types\/product"}],"wp:featuredmedia":[{"embeddable":true,"href":"https:\/\/clinicadelriohortega.es\/en\/wp-json\/wp\/v2\/media\/4422"}],"wp:attachment":[{"href":"https:\/\/clinicadelriohortega.es\/en\/wp-json\/wp\/v2\/media?parent=2331"}],"wp:term":[{"taxonomy":"product_brand","embeddable":true,"href":"https:\/\/clinicadelriohortega.es\/en\/wp-json\/wp\/v2\/product_brand?post=2331"},{"taxonomy":"product_cat","embeddable":true,"href":"https:\/\/clinicadelriohortega.es\/en\/wp-json\/wp\/v2\/product_cat?post=2331"},{"taxonomy":"product_tag","embeddable":true,"href":"https:\/\/clinicadelriohortega.es\/en\/wp-json\/wp\/v2\/product_tag?post=2331"},{"taxonomy":"giftcard-category","embeddable":true,"href":"https:\/\/clinicadelriohortega.es\/en\/wp-json\/wp\/v2\/giftcard-category?post=2331"}],"curies":[{"name":"wp","href":"https:\/\/api.w.org\/{rel}","templated":true}]}}