{"id":15389,"date":"2026-03-09T19:36:58","date_gmt":"2026-03-09T18:36:58","guid":{"rendered":"https:\/\/clinicadelriohortega.es\/?post_type=product&#038;p=15389"},"modified":"2026-03-09T19:38:52","modified_gmt":"2026-03-09T18:38:52","slug":"20dto-laser","status":"publish","type":"product","link":"https:\/\/clinicadelriohortega.es\/en\/product\/20dto-laser\/","title":{"rendered":"20% DTO LASER DIODO Y SHR"},"content":{"rendered":"<p data-start=\"195\" data-end=\"375\">El <strong data-start=\"198\" data-end=\"269\">bono de depilaci\u00f3n l\u00e1ser cuerpo completo con tecnolog\u00eda Diodo y SHR<\/strong> est\u00e1 dise\u00f1ado para eliminar el vello de forma progresiva, segura y eficaz en diferentes zonas del cuerpo.<\/p>\n<p data-start=\"377\" data-end=\"648\">Este tratamiento utiliza <strong data-start=\"402\" data-end=\"473\">tecnolog\u00eda avanzada que act\u00faa directamente sobre el fol\u00edculo piloso<\/strong>, debilit\u00e1ndolo sesi\u00f3n tras sesi\u00f3n para reducir el crecimiento del vello de manera duradera. Gracias a su sistema, las sesiones son r\u00e1pidas, c\u00f3modas y pr\u00e1cticamente indoloras.<\/p>\n<p data-start=\"650\" data-end=\"826\">Es una opci\u00f3n ideal tanto para <strong data-start=\"681\" data-end=\"710\">mujeres como para hombres<\/strong> que buscan una soluci\u00f3n eficaz para reducir el vello corporal y disfrutar de una piel m\u00e1s suave durante m\u00e1s tiempo.<\/p>\n<p data-start=\"828\" data-end=\"1031\">Con este bono podr\u00e1s beneficiarte de un <strong data-start=\"868\" data-end=\"923\">20% de descuento en tratamientos de cuerpo completo<\/strong>, una oportunidad perfecta para comenzar o continuar tu plan de depilaci\u00f3n l\u00e1ser con tecnolog\u00eda profesional.<\/p>\n<p data-start=\"1033\" data-end=\"1064\"><strong data-start=\"1033\" data-end=\"1064\">Beneficios del tratamiento:<\/strong><\/p>\n<p data-start=\"1066\" data-end=\"1262\">\u2022 Reducci\u00f3n progresiva del vello<br data-start=\"1098\" data-end=\"1101\" \/>\u2022 Tratamiento r\u00e1pido, seguro y pr\u00e1cticamente indoloro<br data-start=\"1154\" data-end=\"1157\" \/>\u2022 Tecnolog\u00eda avanzada apta para distintos tipos de piel<br data-start=\"1212\" data-end=\"1215\" \/>\u2022 Sesiones r\u00e1pidas que se adaptan a tu rutina<\/p>\n<p data-start=\"1264\" data-end=\"1365\">\ud83d\udcc5 <strong data-start=\"1267\" data-end=\"1316\">Promoci\u00f3n v\u00e1lida hasta el 31 de marzo de 2026<\/strong><br data-start=\"1316\" data-end=\"1319\" \/>\ud83c\udf9f\ufe0f Bono canjeable en cl\u00ednica con cita previa.<\/p>\n","protected":false},"excerpt":{"rendered":"<p data-start=\"1435\" data-end=\"1599\">Bono de <strong data-start=\"1443\" data-end=\"1506\">depilaci\u00f3n l\u00e1ser cuerpo completo con tecnolog\u00eda Diodo y SHR<\/strong>, indicado para reducir el vello de forma progresiva con sesiones r\u00e1pidas, seguras y c\u00f3modas.<\/p>\n<p data-start=\"1601\" data-end=\"1690\">Aprovecha el <strong data-start=\"1614\" data-end=\"1669\">20% de descuento en tratamientos de cuerpo completo<\/strong> para mujer y hombre.<\/p>\n<p data-start=\"1692\" data-end=\"1788\">\ud83d\udcc5 Promoci\u00f3n v\u00e1lida hasta el <strong data-start=\"1721\" data-end=\"1744\">31 de marzo de 2026<\/strong><br data-start=\"1744\" data-end=\"1747\" \/>\ud83c\udf9f\ufe0f Canjeable en cl\u00ednica con cita previa.<\/p>\n","protected":false},"featured_media":15390,"template":"","meta":[],"product_brand":[],"product_cat":[34],"product_tag":[],"giftcard-category":[],"class_list":{"0":"post-15389","1":"product","2":"type-product","3":"status-publish","4":"has-post-thumbnail","6":"product_cat-uncategorized","8":"first","9":"instock","10":"shipping-taxable","11":"product-type-simple"},"_links":{"self":[{"href":"https:\/\/clinicadelriohortega.es\/en\/wp-json\/wp\/v2\/product\/15389","targetHints":{"allow":["GET"]}}],"collection":[{"href":"https:\/\/clinicadelriohortega.es\/en\/wp-json\/wp\/v2\/product"}],"about":[{"href":"https:\/\/clinicadelriohortega.es\/en\/wp-json\/wp\/v2\/types\/product"}],"wp:featuredmedia":[{"embeddable":true,"href":"https:\/\/clinicadelriohortega.es\/en\/wp-json\/wp\/v2\/media\/15390"}],"wp:attachment":[{"href":"https:\/\/clinicadelriohortega.es\/en\/wp-json\/wp\/v2\/media?parent=15389"}],"wp:term":[{"taxonomy":"product_brand","embeddable":true,"href":"https:\/\/clinicadelriohortega.es\/en\/wp-json\/wp\/v2\/product_brand?post=15389"},{"taxonomy":"product_cat","embeddable":true,"href":"https:\/\/clinicadelriohortega.es\/en\/wp-json\/wp\/v2\/product_cat?post=15389"},{"taxonomy":"product_tag","embeddable":true,"href":"https:\/\/clinicadelriohortega.es\/en\/wp-json\/wp\/v2\/product_tag?post=15389"},{"taxonomy":"giftcard-category","embeddable":true,"href":"https:\/\/clinicadelriohortega.es\/en\/wp-json\/wp\/v2\/giftcard-category?post=15389"}],"curies":[{"name":"wp","href":"https:\/\/api.w.org\/{rel}","templated":true}]}}