{"id":15386,"date":"2026-03-09T19:31:19","date_gmt":"2026-03-09T18:31:19","guid":{"rendered":"https:\/\/clinicadelriohortega.es\/?post_type=product&#038;p=15386"},"modified":"2026-03-09T19:35:52","modified_gmt":"2026-03-09T18:35:52","slug":"3x2-laser","status":"publish","type":"product","link":"https:\/\/clinicadelriohortega.es\/en\/product\/3x2-laser\/","title":{"rendered":"3 X 2 LASER DIODO Y SHR"},"content":{"rendered":"<p data-start=\"205\" data-end=\"373\">El <strong data-start=\"208\" data-end=\"232\">l\u00e1ser de diodo y SHR<\/strong> es uno de los m\u00e9todos m\u00e1s avanzados para la <strong data-start=\"277\" data-end=\"302\">depilaci\u00f3n permanente<\/strong>, dise\u00f1ado para eliminar el vello de forma progresiva, segura y eficaz.<\/p>\n<p data-start=\"375\" data-end=\"679\">Gracias a su tecnolog\u00eda de \u00faltima generaci\u00f3n, act\u00faa directamente sobre el fol\u00edculo piloso, debilit\u00e1ndolo sesi\u00f3n tras sesi\u00f3n para reducir el crecimiento del vello de manera duradera. Es un tratamiento <strong data-start=\"575\" data-end=\"618\">r\u00e1pido, c\u00f3modo y pr\u00e1cticamente indoloro<\/strong>, que se adapta a distintos tipos de piel y zonas del cuerpo.<\/p>\n<p data-start=\"681\" data-end=\"786\">Adem\u00e1s, su sistema permite realizar sesiones \u00e1giles, lo que facilita incorporarlo f\u00e1cilmente a tu rutina.<\/p>\n<p data-start=\"788\" data-end=\"819\"><strong data-start=\"788\" data-end=\"819\">Beneficios del tratamiento:<\/strong><\/p>\n<p data-start=\"821\" data-end=\"1031\">\u2022 Reducci\u00f3n progresiva y duradera del vello<br data-start=\"864\" data-end=\"867\" \/>\u2022 Tratamiento r\u00e1pido, seguro y pr\u00e1cticamente indoloro<br data-start=\"920\" data-end=\"923\" \/>\u2022 Tecnolog\u00eda avanzada apta para distintos tipos de piel<br data-start=\"978\" data-end=\"981\" \/>\u2022 Sesiones c\u00f3modas que se adaptan a tu d\u00eda a d\u00eda<\/p>\n<p data-start=\"1033\" data-end=\"1192\">Con esta promoci\u00f3n podr\u00e1s disfrutar de <strong data-start=\"1072\" data-end=\"1101\">3 sesiones pagando solo 2<\/strong>, una oportunidad ideal para comenzar tu tratamiento o continuar con tu plan de depilaci\u00f3n.<\/p>\n<p data-start=\"1194\" data-end=\"1303\">\ud83d\udcc5 <strong data-start=\"1197\" data-end=\"1246\">Promoci\u00f3n v\u00e1lida hasta el 31 de marzo de 2026<\/strong><br data-start=\"1246\" data-end=\"1249\" \/>\ud83c\udf9f\ufe0f <strong data-start=\"1253\" data-end=\"1303\">Sesiones canjeables en cl\u00ednica con cita previa<\/strong><\/p>\n","protected":false},"excerpt":{"rendered":"<p data-start=\"1353\" data-end=\"1490\">Depilaci\u00f3n con <strong data-start=\"1368\" data-end=\"1400\">l\u00e1ser diodo y tecnolog\u00eda SHR<\/strong>, un tratamiento r\u00e1pido, seguro y eficaz que ayuda a reducir el vello de forma progresiva.<\/p>\n<p data-start=\"1492\" data-end=\"1633\">Aprovecha la promoci\u00f3n <strong data-start=\"1515\" data-end=\"1548\">3 sesiones por el precio de 2<\/strong> y comienza tu tratamiento con tecnolog\u00eda avanzada apta para distintos tipos de piel.<\/p>\n<p data-start=\"1635\" data-end=\"1730\">\ud83d\udcc5 Promoci\u00f3n v\u00e1lida hasta el <strong data-start=\"1664\" data-end=\"1687\">31 de marzo de 2026<\/strong><br data-start=\"1687\" data-end=\"1690\" \/>\ud83c\udf9f\ufe0f Canjeable en cl\u00ednica con cita previa<\/p>\n","protected":false},"featured_media":15387,"template":"","meta":[],"product_brand":[],"product_cat":[34],"product_tag":[],"giftcard-category":[],"class_list":{"0":"post-15386","1":"product","2":"type-product","3":"status-publish","4":"has-post-thumbnail","6":"product_cat-uncategorized","8":"first","9":"instock","10":"shipping-taxable","11":"product-type-simple"},"_links":{"self":[{"href":"https:\/\/clinicadelriohortega.es\/en\/wp-json\/wp\/v2\/product\/15386","targetHints":{"allow":["GET"]}}],"collection":[{"href":"https:\/\/clinicadelriohortega.es\/en\/wp-json\/wp\/v2\/product"}],"about":[{"href":"https:\/\/clinicadelriohortega.es\/en\/wp-json\/wp\/v2\/types\/product"}],"wp:featuredmedia":[{"embeddable":true,"href":"https:\/\/clinicadelriohortega.es\/en\/wp-json\/wp\/v2\/media\/15387"}],"wp:attachment":[{"href":"https:\/\/clinicadelriohortega.es\/en\/wp-json\/wp\/v2\/media?parent=15386"}],"wp:term":[{"taxonomy":"product_brand","embeddable":true,"href":"https:\/\/clinicadelriohortega.es\/en\/wp-json\/wp\/v2\/product_brand?post=15386"},{"taxonomy":"product_cat","embeddable":true,"href":"https:\/\/clinicadelriohortega.es\/en\/wp-json\/wp\/v2\/product_cat?post=15386"},{"taxonomy":"product_tag","embeddable":true,"href":"https:\/\/clinicadelriohortega.es\/en\/wp-json\/wp\/v2\/product_tag?post=15386"},{"taxonomy":"giftcard-category","embeddable":true,"href":"https:\/\/clinicadelriohortega.es\/en\/wp-json\/wp\/v2\/giftcard-category?post=15386"}],"curies":[{"name":"wp","href":"https:\/\/api.w.org\/{rel}","templated":true}]}}