{"id":15337,"date":"2025-12-03T14:49:30","date_gmt":"2025-12-03T13:49:30","guid":{"rendered":"https:\/\/clinicadelriohortega.es\/?post_type=product&#038;p=15337"},"modified":"2025-12-03T14:55:04","modified_gmt":"2025-12-03T13:55:04","slug":"redensificacion-facial-promocion","status":"publish","type":"product","link":"https:\/\/clinicadelriohortega.es\/en\/product\/redensificacion-facial-promocion\/","title":{"rendered":"REDENSIFICACI\u00d3N FACIAL + Regalo Peeling Facial Alta Est\u00e9tica"},"content":{"rendered":"<h2 data-start=\"152\" data-end=\"253\"><strong data-start=\"155\" data-end=\"253\">Promoci\u00f3n Especial: Redensificaci\u00f3n Facial (Redensity I) + Peeling Facial de Alta Est\u00e9tica<\/strong><\/h2>\n<p data-start=\"255\" data-end=\"666\">Devuelve a tu piel la hidrataci\u00f3n, firmeza y luminosidad que merece con nuestro tratamiento de <strong data-start=\"350\" data-end=\"388\">Redensificaci\u00f3n Facial Redensity I<\/strong>, una de las t\u00e9cnicas m\u00e1s avanzadas de revitalizaci\u00f3n cut\u00e1nea.<br data-start=\"450\" data-end=\"453\" \/>Este diciembre, disfruta de <strong data-start=\"481\" data-end=\"525\">un precio exclusivo de 250\u20ac (antes 319\u20ac)<\/strong> y ll\u00e9vate adem\u00e1s un <strong data-start=\"546\" data-end=\"601\">peeling facial de alta est\u00e9tica totalmente gratuito<\/strong>, dise\u00f1ado para potenciar los resultados desde la primera sesi\u00f3n.<\/p>\n<h3 data-start=\"668\" data-end=\"716\"><strong data-start=\"672\" data-end=\"716\">\u00bfQu\u00e9 beneficios aporta este tratamiento?<\/strong><\/h3>\n<ul data-start=\"717\" data-end=\"1036\">\n<li data-start=\"717\" data-end=\"821\">\n<p data-start=\"719\" data-end=\"821\"><strong data-start=\"719\" data-end=\"767\">Hidrataci\u00f3n profunda y luminosidad inmediata<\/strong>, ideal para pieles apagadas o con signos de fatiga.<\/p>\n<\/li>\n<li data-start=\"822\" data-end=\"962\">\n<p data-start=\"824\" data-end=\"962\"><strong data-start=\"824\" data-end=\"870\">Mejora de la firmeza y elasticidad cut\u00e1nea<\/strong>, gracias a su combinaci\u00f3n \u00fanica de \u00e1cido hialur\u00f3nico, vitaminas y amino\u00e1cidos esenciales.<\/p>\n<\/li>\n<li data-start=\"963\" data-end=\"1036\">\n<p data-start=\"965\" data-end=\"1036\"><strong data-start=\"965\" data-end=\"1000\">Textura de la piel m\u00e1s uniforme<\/strong>, suave y visiblemente rejuvenecida.<\/p>\n<\/li>\n<\/ul>\n<p data-start=\"1038\" data-end=\"1172\">Este tratamiento es perfecto si buscas un resultado natural, elegante y sin cambios exagerados: una piel m\u00e1s joven, fresca y radiante.<\/p>\n<h3 data-start=\"1174\" data-end=\"1205\"><strong data-start=\"1178\" data-end=\"1203\">Incluye de regalo:<\/strong><\/h3>\n<p data-start=\"1206\" data-end=\"1316\">Peeling qu\u00edmico superficial de alta est\u00e9tica, para potenciar la renovaci\u00f3n celular y maximizar el efecto glow.<\/p>\n<h3 data-start=\"1318\" data-end=\"1367\"><strong data-start=\"1322\" data-end=\"1365\">Promoci\u00f3n v\u00e1lida hasta el 23\/12\/2025<\/strong><\/h3>\n","protected":false},"excerpt":{"rendered":"<p data-start=\"81\" data-end=\"402\"><strong data-start=\"81\" data-end=\"163\">Redensificaci\u00f3n Facial (Redensity I) por solo 250\u20ac + regalo peeling facial<\/strong><br data-start=\"163\" data-end=\"166\" \/>Hidrata, ilumina y mejora la firmeza de tu piel con uno de nuestros tratamientos estrella. Incluye un peeling de alta est\u00e9tica para potenciar resultados y conseguir un efecto glow inmediato.<br data-start=\"356\" data-end=\"359\" \/><strong data-start=\"359\" data-end=\"400\">Promoci\u00f3n v\u00e1lida hasta el 23\/12\/2025.<\/strong><\/p>\n","protected":false},"featured_media":15338,"template":"","meta":[],"product_brand":[],"product_cat":[34],"product_tag":[],"giftcard-category":[],"class_list":{"0":"post-15337","1":"product","2":"type-product","3":"status-publish","4":"has-post-thumbnail","6":"product_cat-uncategorized","8":"first","9":"instock","10":"sale","11":"shipping-taxable","12":"purchasable","13":"product-type-simple"},"_links":{"self":[{"href":"https:\/\/clinicadelriohortega.es\/en\/wp-json\/wp\/v2\/product\/15337","targetHints":{"allow":["GET"]}}],"collection":[{"href":"https:\/\/clinicadelriohortega.es\/en\/wp-json\/wp\/v2\/product"}],"about":[{"href":"https:\/\/clinicadelriohortega.es\/en\/wp-json\/wp\/v2\/types\/product"}],"wp:featuredmedia":[{"embeddable":true,"href":"https:\/\/clinicadelriohortega.es\/en\/wp-json\/wp\/v2\/media\/15338"}],"wp:attachment":[{"href":"https:\/\/clinicadelriohortega.es\/en\/wp-json\/wp\/v2\/media?parent=15337"}],"wp:term":[{"taxonomy":"product_brand","embeddable":true,"href":"https:\/\/clinicadelriohortega.es\/en\/wp-json\/wp\/v2\/product_brand?post=15337"},{"taxonomy":"product_cat","embeddable":true,"href":"https:\/\/clinicadelriohortega.es\/en\/wp-json\/wp\/v2\/product_cat?post=15337"},{"taxonomy":"product_tag","embeddable":true,"href":"https:\/\/clinicadelriohortega.es\/en\/wp-json\/wp\/v2\/product_tag?post=15337"},{"taxonomy":"giftcard-category","embeddable":true,"href":"https:\/\/clinicadelriohortega.es\/en\/wp-json\/wp\/v2\/giftcard-category?post=15337"}],"curies":[{"name":"wp","href":"https:\/\/api.w.org\/{rel}","templated":true}]}}