{"id":13273,"date":"2025-01-01T09:00:05","date_gmt":"2025-01-01T08:00:05","guid":{"rendered":"https:\/\/clinicadelriohortega.es\/?post_type=product&#038;p=13273"},"modified":"2025-11-19T14:17:51","modified_gmt":"2025-11-19T13:17:51","slug":"promocion-de-enero-bono-de-4-sesiones-de-exosomas-higiene-deluxe-de-regalo","status":"publish","type":"product","link":"https:\/\/clinicadelriohortega.es\/en\/product\/promocion-de-enero-bono-de-4-sesiones-de-exosomas-higiene-deluxe-de-regalo\/","title":{"rendered":"Promoci\u00f3n de enero: Bono de 4 Sesiones de Exosomas + Higiene Deluxe de regalo"},"content":{"rendered":"<p>Este mes, cuida tu piel como se merece con nuestra oferta especial: adquiere un bono de <strong>4 sesiones de exosomas<\/strong> y recibe una <strong>higiene facial deluxe de regalo<\/strong> en nuestra <strong>cl\u00ednica de alta est\u00e9tica en Santa Pola<\/strong>.<\/p>\n<h4><strong>\u00bfQu\u00e9 incluye el tratamiento?<\/strong><\/h4>\n<ul>\n<li><strong>4 sesiones de exosomas<\/strong>: La \u00faltima innovaci\u00f3n en <strong>rejuvenecimiento facial<\/strong> para estimular la regeneraci\u00f3n celular, mejorar la textura de la piel y combatir el envejecimiento.<\/li>\n<li><strong>Higiene facial deluxe de regalo<\/strong>: Un tratamiento profundo que limpia, hidrata y prepara tu piel para maximizar los resultados.<\/li>\n<\/ul>\n<h4><strong>Beneficios de los exosomas:<\/strong><\/h4>\n<ul>\n<li>Reducci\u00f3n visible de l\u00edneas de expresi\u00f3n.<\/li>\n<li>Mejora en la firmeza y luminosidad del rostro.<\/li>\n<li>Resultados efectivos desde las primeras sesiones.<\/li>\n<\/ul>\n<p>\ud83d\udccd <strong>Cl\u00ednica ubicada en Santa Pola<\/strong><br \/>\n\ud83d\udcc5 <strong>Oferta v\u00e1lida durante el mes de enero<\/strong><\/p>\n<p>No dejes pasar esta oportunidad de lucir una piel renovada y radiante.<\/p>\n<p><strong>Cont\u00e1ctanos y reserva tu cita ahora<\/strong>. \u00a1Transforma tu piel con nosotros!<\/p>\n","protected":false},"excerpt":{"rendered":"<p>Este mes, cuida tu piel como se merece con nuestra oferta especial: adquiere un bono de <strong>4 sesiones de exosomas<\/strong> y recibe una <strong>higiene facial deluxe de regalo<\/strong> en nuestra <strong>cl\u00ednica de alta est\u00e9tica en Santa Pola<\/strong>.<\/p>\n<h4><strong>\u00bfQu\u00e9 incluye el tratamiento?<\/strong><\/h4>\n<ul>\n<li><strong>4 sesiones de exosomas<\/strong>: La \u00faltima innovaci\u00f3n en <strong>rejuvenecimiento facial<\/strong> para estimular la regeneraci\u00f3n celular, mejorar la textura de la piel y combatir el envejecimiento.<\/li>\n<li><strong>Higiene facial deluxe de regalo<\/strong>: Un tratamiento profundo que limpia, hidrata y prepara tu piel para maximizar los resultados.<\/li>\n<\/ul>\n<h4><strong>Beneficios de los exosomas:<\/strong><\/h4>\n<ul>\n<li>Reducci\u00f3n visible de l\u00edneas de expresi\u00f3n.<\/li>\n<li>Mejora en la firmeza y luminosidad del rostro.<\/li>\n<li>Resultados efectivos desde las primeras sesiones.<\/li>\n<\/ul>\n<p>\ud83d\udccd <strong>Cl\u00ednica ubicada en Santa Pola<\/strong><br \/>\n\ud83d\udcc5 <strong>Oferta v\u00e1lida durante el mes de enero<\/strong><\/p>\n<p>No dejes pasar esta oportunidad de lucir una piel renovada y radiante.<\/p>\n<p><strong>Cont\u00e1ctanos y reserva tu cita ahora<\/strong>. \u00a1Transforma tu piel con nosotros!<\/p>\n","protected":false},"featured_media":13274,"template":"","meta":[],"product_brand":[],"product_cat":[39,38],"product_tag":[],"giftcard-category":[],"class_list":{"0":"post-13273","1":"product","2":"type-product","3":"status-publish","4":"has-post-thumbnail","6":"product_cat-medicina-estetica","7":"product_cat-ofertas","9":"first","10":"instock","11":"shipping-taxable","12":"purchasable","13":"product-type-simple"},"_links":{"self":[{"href":"https:\/\/clinicadelriohortega.es\/en\/wp-json\/wp\/v2\/product\/13273","targetHints":{"allow":["GET"]}}],"collection":[{"href":"https:\/\/clinicadelriohortega.es\/en\/wp-json\/wp\/v2\/product"}],"about":[{"href":"https:\/\/clinicadelriohortega.es\/en\/wp-json\/wp\/v2\/types\/product"}],"wp:featuredmedia":[{"embeddable":true,"href":"https:\/\/clinicadelriohortega.es\/en\/wp-json\/wp\/v2\/media\/13274"}],"wp:attachment":[{"href":"https:\/\/clinicadelriohortega.es\/en\/wp-json\/wp\/v2\/media?parent=13273"}],"wp:term":[{"taxonomy":"product_brand","embeddable":true,"href":"https:\/\/clinicadelriohortega.es\/en\/wp-json\/wp\/v2\/product_brand?post=13273"},{"taxonomy":"product_cat","embeddable":true,"href":"https:\/\/clinicadelriohortega.es\/en\/wp-json\/wp\/v2\/product_cat?post=13273"},{"taxonomy":"product_tag","embeddable":true,"href":"https:\/\/clinicadelriohortega.es\/en\/wp-json\/wp\/v2\/product_tag?post=13273"},{"taxonomy":"giftcard-category","embeddable":true,"href":"https:\/\/clinicadelriohortega.es\/en\/wp-json\/wp\/v2\/giftcard-category?post=13273"}],"curies":[{"name":"wp","href":"https:\/\/api.w.org\/{rel}","templated":true}]}}