{"id":13202,"date":"2024-12-02T12:09:39","date_gmt":"2024-12-02T11:09:39","guid":{"rendered":"https:\/\/clinicadelriohortega.es\/?post_type=product&#038;p=13202"},"modified":"2025-05-14T15:20:32","modified_gmt":"2025-05-14T14:20:32","slug":"bono-6-sesiones-zona-mediana-zona-pequena","status":"publish","type":"product","link":"https:\/\/clinicadelriohortega.es\/en\/product\/bono-6-sesiones-zona-mediana-zona-pequena\/","title":{"rendered":"BONO 6 sesiones Zona Mediana + Zona Peque\u00f1a"},"content":{"rendered":"<h2>Zona Mediana + Zona Peque\u00f1a.<\/h2>\n<p>Con la contrataci\u00f3n de este Bono de 6 sesiones con un 40% de descuento, conseguir\u00e1s mejores resultados y mantenerlos en el tiempo. Adem\u00e1s, obtienes un precio mucho m\u00e1s econ\u00f3mico respecto a si lo contratas por sesiones sueltas. Las zonas que incluyen en este bono son:<\/p>\n<h3>Zona Peque\u00f1a:<\/h3>\n<p>\u2013 Axilas \u2013 Ingles normales \u2013 Hombros \u2013 Cuello<\/p>\n<h3>Zona Mediana:<\/h3>\n<p>\u2013 Medias piernas \u2013 Medios brazos \u2013 Gl\u00fateos \u2013 Ingles completas \u2013 Abdomen \u2013 Pecho \u2013 Dorsal \u2013 Lumbar \u2013 Facial Completo<\/p>\n","protected":false},"excerpt":{"rendered":"<h2>Zona Mediana + Zona Peque\u00f1a.<\/h2>\n<p>Con la contrataci\u00f3n de este Bono de 6 o 12 sesiones con un 40% de descuento, conseguir\u00e1s mejores resultados y mantenerlos en el tiempo. Adem\u00e1s, obtienes un precio mucho m\u00e1s econ\u00f3mico respecto a si lo contratas por sesiones sueltas, Las zonas que incluyen en este bono son:<\/p>\n<h3>Zona Peque\u00f1a:<\/h3>\n<p>\u2013 Axilas \u2013 Ingles normales \u2013 Hombros \u2013 Cuello<\/p>\n<h3>Zona Mediana:<\/h3>\n<p>\u2013 Medias piernas \u2013 Medios brazos \u2013 Gl\u00fateos \u2013 Ingles completas \u2013 Abdomen \u2013 Pecho \u2013 Dorsal \u2013 Lumbar \u2013 Facial Completo<\/p>\n","protected":false},"featured_media":13203,"template":"","meta":[],"product_brand":[],"product_cat":[75],"product_tag":[89],"giftcard-category":[],"class_list":{"0":"post-13202","1":"product","2":"type-product","3":"status-publish","4":"has-post-thumbnail","6":"product_cat-bonos-depilacion","7":"product_tag-cldh0522","9":"first","10":"instock","11":"shipping-taxable","12":"purchasable","13":"product-type-simple"},"_links":{"self":[{"href":"https:\/\/clinicadelriohortega.es\/en\/wp-json\/wp\/v2\/product\/13202","targetHints":{"allow":["GET"]}}],"collection":[{"href":"https:\/\/clinicadelriohortega.es\/en\/wp-json\/wp\/v2\/product"}],"about":[{"href":"https:\/\/clinicadelriohortega.es\/en\/wp-json\/wp\/v2\/types\/product"}],"wp:featuredmedia":[{"embeddable":true,"href":"https:\/\/clinicadelriohortega.es\/en\/wp-json\/wp\/v2\/media\/13203"}],"wp:attachment":[{"href":"https:\/\/clinicadelriohortega.es\/en\/wp-json\/wp\/v2\/media?parent=13202"}],"wp:term":[{"taxonomy":"product_brand","embeddable":true,"href":"https:\/\/clinicadelriohortega.es\/en\/wp-json\/wp\/v2\/product_brand?post=13202"},{"taxonomy":"product_cat","embeddable":true,"href":"https:\/\/clinicadelriohortega.es\/en\/wp-json\/wp\/v2\/product_cat?post=13202"},{"taxonomy":"product_tag","embeddable":true,"href":"https:\/\/clinicadelriohortega.es\/en\/wp-json\/wp\/v2\/product_tag?post=13202"},{"taxonomy":"giftcard-category","embeddable":true,"href":"https:\/\/clinicadelriohortega.es\/en\/wp-json\/wp\/v2\/giftcard-category?post=13202"}],"curies":[{"name":"wp","href":"https:\/\/api.w.org\/{rel}","templated":true}]}}