{"id":13180,"date":"2024-11-29T09:45:52","date_gmt":"2024-11-29T08:45:52","guid":{"rendered":"https:\/\/clinicadelriohortega.es\/?post_type=product&#038;p=13180"},"modified":"2025-11-29T01:08:59","modified_gmt":"2025-11-29T00:08:59","slug":"laser-12-sesione-mujer","status":"publish","type":"product","link":"https:\/\/clinicadelriohortega.es\/en\/product\/laser-12-sesione-mujer\/","title":{"rendered":"BONO 12 sesiones &#8211; Mujer"},"content":{"rendered":"<div class=\"fusion-text fusion-text-10\">\n<h2><b>L\u00e1ser 10 unidades para mujer<\/b><\/h2>\n<\/div>\n<div class=\"fusion-text fusion-text-11\">\n<p>Cerramos la semana del\u00a0<b>Black Friday<\/b>\u00a0con un descuento especial en\u00a0<b>bonos de 12 sesiones de depilaci\u00f3n l\u00e1ser de cuerpo completo<\/b>\u00a0. Este tratamiento es ideal para quienes buscan eliminar el vello de manera efectiva y duradera, ahorrando tiempo y esfuerzo a largo plazo.<\/p>\n<h3><b>Beneficios<\/b><\/h3>\n<ul>\n<li><b>Reducci\u00f3n permanente del vello<\/b>\u00a0:\u00a0La depilaci\u00f3n l\u00e1ser act\u00faa sobre el fol\u00edculo, eliminando el vello de forma prolongada.<\/li>\n<li><b>Ahorro de tiempo y comodidad<\/b>\u00a0:\u00a0Este tratamiento permite olvidarse de m\u00e9todos temporales como la cera o el afeitado.<\/li>\n<li><b>Mitos sobre la depilaci\u00f3n l\u00e1ser<\/b>\u00a0:\u00a0Algunas personas piensan que el l\u00e1ser no es efectivo en todos los tipos de piel o vello, pero en la\u00a0<a role=\"link\" href=\"https:\/\/clinicadelriohortega.es\/medicina-estetica\/\"><b>Cl\u00ednica del R\u00edo -Hortega<\/b><\/a>\u00a0contamos con tecnolog\u00eda avanzada que se adapta a diversas caracter\u00edsticas de piel y fol\u00edculo, ofreciendo resultados \u00f3ptimos y seguros.<\/li>\n<\/ul>\n<pre>*Los bonos ser\u00e1n personales e intransferibles. Caduca en 24 meses<\/pre>\n<\/div>\n<div class=\"fusion-text fusion-text-11\"><\/div>\n","protected":false},"excerpt":{"rendered":"<div class=\"fusion-text fusion-text-10\"><\/div>\n<div class=\"fusion-text fusion-text-11\">\n<h3><b>Beneficios<\/b><\/h3>\n<ul>\n<li><b>Reducci\u00f3n permanente del vello<\/b>\u00a0:\u00a0La depilaci\u00f3n l\u00e1ser act\u00faa sobre el fol\u00edculo, eliminando el vello de forma prolongada.<\/li>\n<li><b>Ahorro de tiempo y comodidad<\/b>\u00a0:\u00a0Este tratamiento permite olvidarse de m\u00e9todos temporales como la cera o el afeitado.<\/li>\n<li><b>Mitos sobre la depilaci\u00f3n l\u00e1ser<\/b>\u00a0:\u00a0Algunas personas piensan que el l\u00e1ser no es efectivo en todos los tipos de piel o vello, pero en la\u00a0<a role=\"link\" href=\"https:\/\/clinicadelriohortega.es\/medicina-estetica\/\"><b>Cl\u00ednica del R\u00edo -Hortega<\/b><\/a>\u00a0contamos con tecnolog\u00eda avanzada que se adapta a diversas caracter\u00edsticas de piel y fol\u00edculo, ofreciendo resultados \u00f3ptimos y seguros.<\/li>\n<\/ul>\n<pre>*Los bonos ser\u00e1n personales e intransferibles. Caduca en 24 meses<\/pre>\n<\/div>\n","protected":false},"featured_media":13184,"template":"","meta":[],"product_brand":[],"product_cat":[34,75],"product_tag":[],"giftcard-category":[],"class_list":{"0":"post-13180","1":"product","2":"type-product","3":"status-publish","4":"has-post-thumbnail","6":"product_cat-uncategorized","7":"product_cat-bonos-depilacion","9":"first","10":"instock","11":"sold-individually","12":"shipping-taxable","13":"purchasable","14":"product-type-simple"},"_links":{"self":[{"href":"https:\/\/clinicadelriohortega.es\/en\/wp-json\/wp\/v2\/product\/13180","targetHints":{"allow":["GET"]}}],"collection":[{"href":"https:\/\/clinicadelriohortega.es\/en\/wp-json\/wp\/v2\/product"}],"about":[{"href":"https:\/\/clinicadelriohortega.es\/en\/wp-json\/wp\/v2\/types\/product"}],"wp:featuredmedia":[{"embeddable":true,"href":"https:\/\/clinicadelriohortega.es\/en\/wp-json\/wp\/v2\/media\/13184"}],"wp:attachment":[{"href":"https:\/\/clinicadelriohortega.es\/en\/wp-json\/wp\/v2\/media?parent=13180"}],"wp:term":[{"taxonomy":"product_brand","embeddable":true,"href":"https:\/\/clinicadelriohortega.es\/en\/wp-json\/wp\/v2\/product_brand?post=13180"},{"taxonomy":"product_cat","embeddable":true,"href":"https:\/\/clinicadelriohortega.es\/en\/wp-json\/wp\/v2\/product_cat?post=13180"},{"taxonomy":"product_tag","embeddable":true,"href":"https:\/\/clinicadelriohortega.es\/en\/wp-json\/wp\/v2\/product_tag?post=13180"},{"taxonomy":"giftcard-category","embeddable":true,"href":"https:\/\/clinicadelriohortega.es\/en\/wp-json\/wp\/v2\/giftcard-category?post=13180"}],"curies":[{"name":"wp","href":"https:\/\/api.w.org\/{rel}","templated":true}]}}