{"id":12662,"date":"2024-03-26T15:08:54","date_gmt":"2024-03-26T14:08:54","guid":{"rendered":"https:\/\/clinicadelriohortega.es\/?post_type=product&#038;p=12662"},"modified":"2025-01-20T13:39:25","modified_gmt":"2025-01-20T12:39:25","slug":"ecox-santa-pola-sesion-nino-o-nina","status":"publish","type":"product","link":"https:\/\/clinicadelriohortega.es\/en\/product\/ecox-santa-pola-sesion-nino-o-nina\/","title":{"rendered":"Ecox Santa Pola &#8211; Sesi\u00f3n \u00bfNi\u00f1o o ni\u00f1a?"},"content":{"rendered":"<h2><strong>Ecox Santa Pola &#8211; Sesi\u00f3n \u00bfNi\u00f1o o ni\u00f1a?<\/strong><\/h2>\n<p>Sesi\u00f3n de 20min:<\/p>\n<ul>\n<li>\u00a0Todas las\u00a0<strong>fotos 5D en la app de ecox.<\/strong><\/li>\n<li>\u00a01 foto impresa en papel fotogr\u00e1fico.<\/li>\n<li>Escuchar\u00e1s el\u00a0<strong>latido de su coraz\u00f3n<\/strong>.<\/li>\n<li>\u00a01 Canastilla<\/li>\n<li>\u00a0Globo o ca\u00f1on confetti \u00bfNi\u00f1o o Ni\u00f1a? (extra 10\u20ac).<\/li>\n<\/ul>\n<p>&nbsp;<\/p>\n","protected":false},"excerpt":{"rendered":"<h2><strong>Ecox Santa Pola &#8211; Sesi\u00f3n \u00bfNi\u00f1o o ni\u00f1a?<\/strong><\/h2>\n<p>Sesi\u00f3n de 20min:<\/p>\n<ul>\n<li>\u00a0Todas las\u00a0<strong>fotos 5D en la app de ecox.<\/strong><\/li>\n<li>\u00a01 foto impresa en papel fotogr\u00e1fico.<\/li>\n<li>Escuchar\u00e1s el\u00a0<strong>latido de su coraz\u00f3n<\/strong>.<\/li>\n<li>\u00a01 Canastilla<\/li>\n<li>\u00a0Globo o ca\u00f1on confetti \u00bfNi\u00f1o o Ni\u00f1a? (extra 10\u20ac).<\/li>\n<\/ul>\n","protected":false},"featured_media":12807,"template":"","meta":[],"product_brand":[],"product_cat":[93],"product_tag":[],"giftcard-category":[],"class_list":{"0":"post-12662","1":"product","2":"type-product","3":"status-publish","4":"has-post-thumbnail","6":"product_cat-ecox","8":"first","9":"instock","10":"shipping-taxable","11":"purchasable","12":"product-type-simple"},"_links":{"self":[{"href":"https:\/\/clinicadelriohortega.es\/en\/wp-json\/wp\/v2\/product\/12662","targetHints":{"allow":["GET"]}}],"collection":[{"href":"https:\/\/clinicadelriohortega.es\/en\/wp-json\/wp\/v2\/product"}],"about":[{"href":"https:\/\/clinicadelriohortega.es\/en\/wp-json\/wp\/v2\/types\/product"}],"wp:featuredmedia":[{"embeddable":true,"href":"https:\/\/clinicadelriohortega.es\/en\/wp-json\/wp\/v2\/media\/12807"}],"wp:attachment":[{"href":"https:\/\/clinicadelriohortega.es\/en\/wp-json\/wp\/v2\/media?parent=12662"}],"wp:term":[{"taxonomy":"product_brand","embeddable":true,"href":"https:\/\/clinicadelriohortega.es\/en\/wp-json\/wp\/v2\/product_brand?post=12662"},{"taxonomy":"product_cat","embeddable":true,"href":"https:\/\/clinicadelriohortega.es\/en\/wp-json\/wp\/v2\/product_cat?post=12662"},{"taxonomy":"product_tag","embeddable":true,"href":"https:\/\/clinicadelriohortega.es\/en\/wp-json\/wp\/v2\/product_tag?post=12662"},{"taxonomy":"giftcard-category","embeddable":true,"href":"https:\/\/clinicadelriohortega.es\/en\/wp-json\/wp\/v2\/giftcard-category?post=12662"}],"curies":[{"name":"wp","href":"https:\/\/api.w.org\/{rel}","templated":true}]}}