{"id":10347,"date":"2023-02-24T10:11:24","date_gmt":"2023-02-24T09:11:24","guid":{"rendered":"https:\/\/clinicadelriohortega.es\/?post_type=product&#038;p=10347"},"modified":"2023-10-20T10:39:14","modified_gmt":"2023-10-20T09:39:14","slug":"bono-6-sesiones-cuerpo-completo-mujer","status":"publish","type":"product","link":"https:\/\/clinicadelriohortega.es\/en\/product\/bono-6-sesiones-cuerpo-completo-mujer\/","title":{"rendered":"BONO 6 Sesiones Cuerpo Completo Mujer"},"content":{"rendered":"<h2>Cuerpo Completo Mujer<\/h2>\n<p>Con la contrataci\u00f3n de este Bono de 6 o\u00a0 12 sesiones conseguir\u00e1s mejores resultados y mantenerlos en el tiempo. Adem\u00e1s, obtienes un precio mucho m\u00e1s econ\u00f3mico respecto a si lo contratas por sesiones sueltas. Este bono incluye el cuerpo completo, excepto zona facial.<\/p>\n","protected":false},"excerpt":{"rendered":"<h2>Cuerpo Completo Mujer<\/h2>\n<p>Con la contrataci\u00f3n de este Bono de 6 o\u00a0 12 sesiones conseguir\u00e1s mejores resultados y mantenerlos en el tiempo. Adem\u00e1s, obtienes un precio mucho m\u00e1s econ\u00f3mico respecto a si lo contratas por sesiones sueltas. Este bono incluye el cuerpo completo, excepto zona facial.<\/p>\n","protected":false},"featured_media":5527,"template":"","meta":[],"product_brand":[],"product_cat":[75],"product_tag":[89],"giftcard-category":[],"class_list":{"0":"post-10347","1":"product","2":"type-product","3":"status-publish","4":"has-post-thumbnail","6":"product_cat-bonos-depilacion","7":"product_tag-cldh0522","9":"first","10":"instock","11":"shipping-taxable","12":"purchasable","13":"product-type-simple"},"_links":{"self":[{"href":"https:\/\/clinicadelriohortega.es\/en\/wp-json\/wp\/v2\/product\/10347","targetHints":{"allow":["GET"]}}],"collection":[{"href":"https:\/\/clinicadelriohortega.es\/en\/wp-json\/wp\/v2\/product"}],"about":[{"href":"https:\/\/clinicadelriohortega.es\/en\/wp-json\/wp\/v2\/types\/product"}],"wp:featuredmedia":[{"embeddable":true,"href":"https:\/\/clinicadelriohortega.es\/en\/wp-json\/wp\/v2\/media\/5527"}],"wp:attachment":[{"href":"https:\/\/clinicadelriohortega.es\/en\/wp-json\/wp\/v2\/media?parent=10347"}],"wp:term":[{"taxonomy":"product_brand","embeddable":true,"href":"https:\/\/clinicadelriohortega.es\/en\/wp-json\/wp\/v2\/product_brand?post=10347"},{"taxonomy":"product_cat","embeddable":true,"href":"https:\/\/clinicadelriohortega.es\/en\/wp-json\/wp\/v2\/product_cat?post=10347"},{"taxonomy":"product_tag","embeddable":true,"href":"https:\/\/clinicadelriohortega.es\/en\/wp-json\/wp\/v2\/product_tag?post=10347"},{"taxonomy":"giftcard-category","embeddable":true,"href":"https:\/\/clinicadelriohortega.es\/en\/wp-json\/wp\/v2\/giftcard-category?post=10347"}],"curies":[{"name":"wp","href":"https:\/\/api.w.org\/{rel}","templated":true}]}}