{"id":10321,"date":"2023-02-23T15:01:56","date_gmt":"2023-02-23T14:01:56","guid":{"rendered":"https:\/\/clinicadelriohortega.es\/?post_type=product&#038;p=10321"},"modified":"2023-08-03T17:14:28","modified_gmt":"2023-08-03T16:14:28","slug":"envoltura-sublime-de-oro-2","status":"publish","type":"product","link":"https:\/\/clinicadelriohortega.es\/en\/product\/envoltura-sublime-de-oro-2\/","title":{"rendered":"Envoltura Sublime de Oro"},"content":{"rendered":"<h2>Envoltura Sublime de Oro.<\/h2>\n<p>Las prote\u00ednas de seda es uno de los tratamientos por excelencia de Spa y Bienestar. Gracias a su rica composici\u00f3n en amino\u00e1cidos conseguiremos obtener una piel hidratada y prevenir los signos del envejecimiento.<\/p>\n","protected":false},"excerpt":{"rendered":"<h2>Envoltura Sublime de Oro.<\/h2>\n<p>Las part\u00edculas microactivas de oro act\u00faan regenerando e hidratando la piel en profundidad. Tienen un efecto tensor inmediato y potencian la luminosidad. Adem\u00e1s son un gran regenerante y estimulan la capacidad celular contra los radicales libres.<\/p>\n","protected":false},"featured_media":11238,"template":"","meta":[],"product_brand":[],"product_cat":[43],"product_tag":[89],"giftcard-category":[],"class_list":{"0":"post-10321","1":"product","2":"type-product","3":"status-publish","4":"has-post-thumbnail","6":"product_cat-especial-regalos","7":"product_tag-cldh0522","9":"first","10":"instock","11":"shipping-taxable","12":"purchasable","13":"product-type-simple"},"_links":{"self":[{"href":"https:\/\/clinicadelriohortega.es\/en\/wp-json\/wp\/v2\/product\/10321","targetHints":{"allow":["GET"]}}],"collection":[{"href":"https:\/\/clinicadelriohortega.es\/en\/wp-json\/wp\/v2\/product"}],"about":[{"href":"https:\/\/clinicadelriohortega.es\/en\/wp-json\/wp\/v2\/types\/product"}],"wp:featuredmedia":[{"embeddable":true,"href":"https:\/\/clinicadelriohortega.es\/en\/wp-json\/wp\/v2\/media\/11238"}],"wp:attachment":[{"href":"https:\/\/clinicadelriohortega.es\/en\/wp-json\/wp\/v2\/media?parent=10321"}],"wp:term":[{"taxonomy":"product_brand","embeddable":true,"href":"https:\/\/clinicadelriohortega.es\/en\/wp-json\/wp\/v2\/product_brand?post=10321"},{"taxonomy":"product_cat","embeddable":true,"href":"https:\/\/clinicadelriohortega.es\/en\/wp-json\/wp\/v2\/product_cat?post=10321"},{"taxonomy":"product_tag","embeddable":true,"href":"https:\/\/clinicadelriohortega.es\/en\/wp-json\/wp\/v2\/product_tag?post=10321"},{"taxonomy":"giftcard-category","embeddable":true,"href":"https:\/\/clinicadelriohortega.es\/en\/wp-json\/wp\/v2\/giftcard-category?post=10321"}],"curies":[{"name":"wp","href":"https:\/\/api.w.org\/{rel}","templated":true}]}}