{"id":13969,"date":"2021-07-29T08:19:17","date_gmt":"2021-07-29T07:19:17","guid":{"rendered":"https:\/\/clinicadelriohortega.es\/gynecology-obstetrics\/precios-ginecologia-santa-pola\/"},"modified":"2025-05-05T09:20:25","modified_gmt":"2025-05-05T08:20:25","slug":"prices-ginecology-santa-pola","status":"publish","type":"page","link":"https:\/\/clinicadelriohortega.es\/en\/gynecology-obstetrics\/prices-ginecology-santa-pola\/","title":{"rendered":"Gynecology and Obstetrics prices"},"content":{"rendered":"<p><div class=\"fusion-fullwidth fullwidth-box fusion-builder-row-1 fusion-flex-container nonhundred-percent-fullwidth non-hundred-percent-height-scrolling\" style=\"--awb-border-radius-top-left:0px;--awb-border-radius-top-right:0px;--awb-border-radius-bottom-right:0px;--awb-border-radius-bottom-left:0px;--awb-flex-wrap:wrap;\" ><div class=\"fusion-builder-row fusion-row fusion-flex-align-items-flex-start fusion-flex-content-wrap\" style=\"max-width:1310.4px;margin-left: calc(-4% \/ 2 );margin-right: calc(-4% \/ 2 );\"><div class=\"fusion-layout-column fusion_builder_column fusion-builder-column-0 fusion_builder_column_1_1 1_1 fusion-flex-column\" style=\"--awb-bg-size:cover;--awb-width-large:100%;--awb-margin-top-large:20px;--awb-spacing-right-large:1.92%;--awb-margin-bottom-large:20px;--awb-spacing-left-large:1.92%;--awb-width-medium:100%;--awb-order-medium:0;--awb-spacing-right-medium:1.92%;--awb-spacing-left-medium:1.92%;--awb-width-small:100%;--awb-order-small:0;--awb-spacing-right-small:1.92%;--awb-spacing-left-small:1.92%;\"><div class=\"fusion-column-wrapper fusion-column-has-shadow fusion-flex-justify-content-flex-start fusion-content-layout-column\"><div class=\"fusion-title title fusion-title-1 fusion-sep-none fusion-title-text fusion-title-size-one\"><h1 class=\"fusion-title-heading title-heading-left\" style=\"margin:0;\"><h1><span class=\"HwtZe\" lang=\"en\"><span class=\"jCAhz ChMk0b\"><span class=\"ryNqvb\">Gynecology and Obstetrics prices<\/span><\/span><\/span><\/h1><\/h1><\/div><div class=\"fusion-text fusion-text-1\"><p><span class=\"HwtZe\" lang=\"en\"><span class=\"jCAhz ChMk0b\"><span class=\"ryNqvb\">The gynecologist is one of the specialties in medicine that the most visit women.<\/span><\/span> <span class=\"jCAhz ChMk0b\"><span class=\"ryNqvb\">In addition, it is essential that they go to these appointments regularly, since thanks to <strong>gynecological reviews<\/strong> it is possible to prevent diseases and solve problems of the female intimate apparatus.<\/span><\/span> <span class=\"jCAhz ChMk0b\"><span class=\"ryNqvb\">Next, we detail all the prices and services of gynecology and obstetrics that we offer at our Santa Pola clinic:<\/span><\/span><\/span><\/p>\n<\/div><div class=\"fusion-title title fusion-title-2 fusion-sep-none fusion-title-text fusion-title-size-two\"><h2 class=\"fusion-title-heading title-heading-left\" style=\"margin:0;\"><h2><span class=\"HwtZe\" lang=\"en\"><span class=\"jCAhz ChMk0b\"><span class=\"ryNqvb\">Gynecology Unit Prices<\/span><\/span><\/span><\/h2><\/h2><\/div><div class=\"fusion-text fusion-text-2 fusion-no-small-visibility\" style=\"--awb-text-transform:none;\"><table class=\"tablas\" width=\"100%\">\n<tbody>\n<tr>\n<td style=\"text-align: center;\">\n<h3><span style=\"color: #cbaa5c;\">GYNECOLOGICAL SEVICES<\/span><\/h3>\n<\/td>\n<td style=\"text-align: center;\">\n<h3><span style=\"color: #cbaa5c;\">PRICE<\/span><\/h3>\n<\/td>\n<\/tr>\n<tr>\n<td style=\"text-align: left;\" width=\"508\"><strong>COMPLETE GYNECOLOGICAL REVIEW: <\/strong><span class=\"HwtZe\" lang=\"en\"><span class=\"jCAhz ChMk0b\"><span class=\"ryNqvb\">general exploration, cytology, vaginal ultrasound and breast exploration.<\/span><\/span><\/span><\/td>\n<td style=\"text-align: center;\" width=\"161\">105 \u20ac<\/td>\n<\/tr>\n<tr>\n<td width=\"508\"><strong>GENERAL GYNECOLOGY CONSULTATION<\/strong><\/td>\n<td style=\"text-align: center;\" width=\"161\">90 \u20ac<\/td>\n<\/tr>\n<tr>\n<td width=\"508\"><strong>GYNECOLOGICAL CASE MONITORING<\/strong><\/td>\n<td style=\"text-align: center;\" width=\"161\">70 \u20ac<\/td>\n<\/tr>\n<tr>\n<td width=\"508\"><strong>GYNECOLOGICAL EMERGENCY SERVICE:<\/strong> prior availability consultation.<\/td>\n<td style=\"text-align: center;\" width=\"161\">From 120 \u20ac<\/td>\n<\/tr>\n<tr>\n<td width=\"508\"><strong>CERVICAL PATHOLOGY CONSULTATION:<\/strong> colposcopy with biopsy included.<\/td>\n<td style=\"text-align: center;\" width=\"161\">170 \u20ac<\/td>\n<\/tr>\n<tr>\n<td width=\"508\"><strong>COPPER IUD INSERT:<\/strong> medical assessment and 1st review consultation after insertion.<\/td>\n<td style=\"text-align: center;\" width=\"161\">180 \u20ac<\/td>\n<\/tr>\n<tr>\n<td width=\"508\"><strong>INSERTION OF HORMONAL IUD:<\/strong> medical assessment and 1st review consultation after insertion (IUD included)<\/td>\n<td style=\"text-align: center;\" width=\"161\">300 \u20ac<\/td>\n<\/tr>\n<\/tbody>\n<\/table>\n<\/div><div class=\"fusion-title title fusion-title-3 fusion-sep-none fusion-title-text fusion-title-size-two\"><h2 class=\"fusion-title-heading title-heading-left\" style=\"margin:0;\"><h2><span class=\"HwtZe\" lang=\"en\"><span class=\"jCAhz ChMk0b\"><span class=\"ryNqvb\">Prices of Obstetrics and Ultrasound 3D, 4D and 5D<\/span><\/span><\/span><\/h2><\/h2><\/div><\/div><\/div><\/div><\/div><div class=\"fusion-fullwidth fullwidth-box fusion-builder-row-2 fusion-flex-container nonhundred-percent-fullwidth non-hundred-percent-height-scrolling\" style=\"--awb-border-radius-top-left:0px;--awb-border-radius-top-right:0px;--awb-border-radius-bottom-right:0px;--awb-border-radius-bottom-left:0px;--awb-flex-wrap:wrap;\" ><div class=\"fusion-builder-row fusion-row fusion-flex-align-items-flex-start fusion-flex-content-wrap\" style=\"max-width:1310.4px;margin-left: calc(-4% \/ 2 );margin-right: calc(-4% \/ 2 );\"><div class=\"fusion-layout-column fusion_builder_column fusion-builder-column-1 fusion_builder_column_1_3 1_3 fusion-flex-column\" style=\"--awb-bg-size:cover;--awb-width-large:33.333333333333%;--awb-margin-top-large:20px;--awb-spacing-right-large:5.76%;--awb-margin-bottom-large:20px;--awb-spacing-left-large:5.76%;--awb-width-medium:33.333333333333%;--awb-order-medium:0;--awb-spacing-right-medium:5.76%;--awb-spacing-left-medium:5.76%;--awb-width-small:100%;--awb-order-small:0;--awb-spacing-right-small:1.92%;--awb-spacing-left-small:1.92%;\"><div class=\"fusion-column-wrapper fusion-column-has-shadow fusion-flex-justify-content-flex-start fusion-content-layout-column\"><div class=\"fusion-image-element \" style=\"--awb-caption-title-font-family:var(--h2_typography-font-family);--awb-caption-title-font-weight:var(--h2_typography-font-weight);--awb-caption-title-font-style:var(--h2_typography-font-style);--awb-caption-title-size:var(--h2_typography-font-size);--awb-caption-title-transform:var(--h2_typography-text-transform);--awb-caption-title-line-height:var(--h2_typography-line-height);--awb-caption-title-letter-spacing:var(--h2_typography-letter-spacing);\"><span class=\" fusion-imageframe imageframe-none imageframe-1 hover-type-none\" style=\"border-radius:12px;\"><img loading=\"lazy\" decoding=\"async\" width=\"600\" height=\"600\" title=\"ecografia-latido-embarazada-ginecologia-santa-pola\" src=\"https:\/\/clinicadelriohortega.es\/wp-content\/uploads\/2021\/11\/ecografia-latido-embarazada-ginecologia-santa-pola.jpg\" alt class=\"img-responsive wp-image-13970\" srcset=\"https:\/\/clinicadelriohortega.es\/wp-content\/uploads\/2021\/11\/ecografia-latido-embarazada-ginecologia-santa-pola-200x200.jpg 200w, https:\/\/clinicadelriohortega.es\/wp-content\/uploads\/2021\/11\/ecografia-latido-embarazada-ginecologia-santa-pola-400x400.jpg 400w, https:\/\/clinicadelriohortega.es\/wp-content\/uploads\/2021\/11\/ecografia-latido-embarazada-ginecologia-santa-pola.jpg 600w\" sizes=\"auto, (max-width: 762px) 100vw, 400px\" \/><\/span><\/div><div class=\"fusion-title title fusion-title-4 fusion-sep-none fusion-title-text fusion-title-size-one\"><h1 class=\"fusion-title-heading title-heading-left\" style=\"margin:0;\"><h3>1\u00aa ULTRASOUND OF PREGNANCY<\/h3><\/h1><\/div><div class=\"fusion-text fusion-text-3\" style=\"--awb-text-transform:none;\"><p style=\"text-align: center;\"><strong><span class=\"HwtZe\" lang=\"en\"><span class=\"jCAhz ChMk0b\"><span class=\"ryNqvb\">(until week 11)<\/span><\/span><\/span><\/strong><\/p>\n<ul>\n<li><span class=\"HwtZe\" lang=\"en\"><span class=\"jCAhz ChMk0b\"><span class=\"ryNqvb\">Medical assessment pregnancy.<\/span><\/span><\/span><\/li>\n<li><span class=\"HwtZe\" lang=\"en\"><span class=\"jCAhz ChMk0b\"><span class=\"ryNqvb\">Datation of gestation: adjustment of the last rule (FUR) date and probable delivery date (FPP).<\/span><\/span><\/span><\/li>\n<li><span class=\"HwtZe\" lang=\"en\"><span class=\"jCAhz ChMk0b\"><span class=\"ryNqvb\">Diagnosis and pathology monitoring of the first quarter (ectopic pregnancy, threat of abortion, abortion).<\/span><\/span><\/span><\/li>\n<li><span class=\"HwtZe\" lang=\"en\"><span class=\"jCAhz ChMk0b\"><span class=\"ryNqvb\">Assessment and treatment adjustment if necessary.<\/span><\/span><\/span><\/li>\n<li><span class=\"HwtZe\" lang=\"en\"><span class=\"jCAhz ChMk0b\"><span class=\"ryNqvb\">Ultrasound in 5d pregnancy.<\/span><\/span><\/span><\/li>\n<li><span class=\"HwtZe\" lang=\"en\"><span class=\"jCAhz ChMk0b\"><span class=\"ryNqvb\">Printed photos.<\/span><\/span><\/span><\/li>\n<li><span class=\"HwtZe\" lang=\"en\"><span class=\"jCAhz ChMk0b\"><span class=\"ryNqvb\">Photos and videos in APP.<\/span><\/span><\/span><\/li>\n<\/ul>\n<\/div><div ><a class=\"fusion-button button-flat fusion-button-default-size button-default fusion-button-default button-1 fusion-button-default-span fusion-button-default-type\" target=\"_self\" href=\"https:\/\/clinicadelriohortega.es\/product\/primera-ecografia\/\"><span class=\"fusion-button-icon-divider button-icon-divider-left\"><i class=\"fa-credit-card fas awb-button__icon awb-button__icon--default\" aria-hidden=\"true\"><\/i><\/span><span class=\"fusion-button-text awb-button__text awb-button__text--default fusion-button-text-left\">100 \u20ac<\/span><\/a><\/div><\/div><\/div><div class=\"fusion-layout-column fusion_builder_column fusion-builder-column-2 fusion_builder_column_1_3 1_3 fusion-flex-column\" style=\"--awb-bg-size:cover;--awb-width-large:33.333333333333%;--awb-margin-top-large:20px;--awb-spacing-right-large:5.76%;--awb-margin-bottom-large:20px;--awb-spacing-left-large:5.76%;--awb-width-medium:33.333333333333%;--awb-order-medium:0;--awb-spacing-right-medium:5.76%;--awb-spacing-left-medium:5.76%;--awb-width-small:100%;--awb-order-small:0;--awb-spacing-right-small:1.92%;--awb-spacing-left-small:1.92%;\"><div class=\"fusion-column-wrapper fusion-column-has-shadow fusion-flex-justify-content-flex-start fusion-content-layout-column\"><div class=\"fusion-image-element \" style=\"--awb-caption-title-font-family:var(--h2_typography-font-family);--awb-caption-title-font-weight:var(--h2_typography-font-weight);--awb-caption-title-font-style:var(--h2_typography-font-style);--awb-caption-title-size:var(--h2_typography-font-size);--awb-caption-title-transform:var(--h2_typography-text-transform);--awb-caption-title-line-height:var(--h2_typography-line-height);--awb-caption-title-letter-spacing:var(--h2_typography-letter-spacing);\"><span class=\" fusion-imageframe imageframe-none imageframe-2 hover-type-none\" style=\"border-radius:12px;\"><img loading=\"lazy\" decoding=\"async\" width=\"600\" height=\"600\" alt=\"Consulta de ginecolog\u00eda para embarazadas en Santa Pola.\" title=\"urgencias-obstetricas-santa-pola-policlinica\" src=\"https:\/\/clinicadelriohortega.es\/wp-content\/uploads\/2021\/10\/urgencias-obstetricas-santa-pola-policlinica.jpg\" class=\"img-responsive wp-image-6286\" srcset=\"https:\/\/clinicadelriohortega.es\/wp-content\/uploads\/2021\/10\/urgencias-obstetricas-santa-pola-policlinica-200x200.jpg 200w, https:\/\/clinicadelriohortega.es\/wp-content\/uploads\/2021\/10\/urgencias-obstetricas-santa-pola-policlinica-400x400.jpg 400w, https:\/\/clinicadelriohortega.es\/wp-content\/uploads\/2021\/10\/urgencias-obstetricas-santa-pola-policlinica.jpg 600w\" sizes=\"auto, (max-width: 762px) 100vw, 400px\" \/><\/span><\/div><div class=\"fusion-title title fusion-title-5 fusion-sep-none fusion-title-text fusion-title-size-one\"><h1 class=\"fusion-title-heading title-heading-left\" style=\"margin:0;\"><h3>ECOGRAF\u00cdA OBST\u00c9TRICA<\/h3><\/h1><\/div><div class=\"fusion-text fusion-text-4\" style=\"--awb-text-transform:none;\"><p style=\"text-align: center;\"><strong><u>(&gt;semana 14)<\/u><\/strong><\/p>\n<ul>\n<li>Ecograf\u00eda con valoraci\u00f3n m\u00e9dica del embarazo.<\/li>\n<li>C\u00e1lculo de peso fetal estimado.<\/li>\n<li>Valoraci\u00f3n de l\u00edquido amni\u00f3tico y placenta.<\/li>\n<li>Estudio Doppler.<\/li>\n<li>Ecograf\u00eda en 5D del beb\u00e9.<\/li>\n<li>Fotos impresas.<\/li>\n<li>Fotos y videos en APP.<\/li>\n<li>Suscripci\u00f3n gratuita a la revista &#8220;Mi Beb\u00e9 y yo&#8221;.<\/li>\n<li>Canastilla gratis.<\/li>\n<\/ul>\n<\/div><div ><a class=\"fusion-button button-flat fusion-button-default-size button-default fusion-button-default button-2 fusion-button-default-span fusion-button-default-type\" target=\"_self\" href=\"https:\/\/clinicadelriohortega.es\/product\/ecografia-obstetrica\/\"><span class=\"fusion-button-icon-divider button-icon-divider-left\"><i class=\"fa-credit-card fas awb-button__icon awb-button__icon--default\" aria-hidden=\"true\"><\/i><\/span><span class=\"fusion-button-text awb-button__text awb-button__text--default fusion-button-text-left\">90 \u20ac<\/span><\/a><\/div><\/div><\/div><div class=\"fusion-layout-column fusion_builder_column fusion-builder-column-3 fusion_builder_column_1_3 1_3 fusion-flex-column\" style=\"--awb-bg-size:cover;--awb-width-large:33.333333333333%;--awb-margin-top-large:20px;--awb-spacing-right-large:5.76%;--awb-margin-bottom-large:20px;--awb-spacing-left-large:5.76%;--awb-width-medium:33.333333333333%;--awb-order-medium:0;--awb-spacing-right-medium:5.76%;--awb-spacing-left-medium:5.76%;--awb-width-small:100%;--awb-order-small:0;--awb-spacing-right-small:1.92%;--awb-spacing-left-small:1.92%;\"><div class=\"fusion-column-wrapper fusion-column-has-shadow fusion-flex-justify-content-flex-start fusion-content-layout-column\"><div class=\"fusion-image-element \" style=\"--awb-caption-title-font-family:var(--h2_typography-font-family);--awb-caption-title-font-weight:var(--h2_typography-font-weight);--awb-caption-title-font-style:var(--h2_typography-font-style);--awb-caption-title-size:var(--h2_typography-font-size);--awb-caption-title-transform:var(--h2_typography-text-transform);--awb-caption-title-line-height:var(--h2_typography-line-height);--awb-caption-title-letter-spacing:var(--h2_typography-letter-spacing);\"><span class=\" fusion-imageframe imageframe-none imageframe-3 hover-type-none\" style=\"border-radius:12px;\"><img loading=\"lazy\" decoding=\"async\" width=\"600\" height=\"600\" alt=\"Consulta de ginecolog\u00eda en Policl\u00ednica del R\u00edo-Hortega.\" title=\"consulta-ginecologia-urgencias-santa-pola-policlinica-del-rio-hortega\" src=\"https:\/\/clinicadelriohortega.es\/wp-content\/uploads\/2021\/11\/consulta-ginecologia-urgencias-santa-pola-policlinica-del-rio-hortega.jpg\" class=\"img-responsive wp-image-6453\" srcset=\"https:\/\/clinicadelriohortega.es\/wp-content\/uploads\/2021\/11\/consulta-ginecologia-urgencias-santa-pola-policlinica-del-rio-hortega-200x200.jpg 200w, https:\/\/clinicadelriohortega.es\/wp-content\/uploads\/2021\/11\/consulta-ginecologia-urgencias-santa-pola-policlinica-del-rio-hortega-400x400.jpg 400w, https:\/\/clinicadelriohortega.es\/wp-content\/uploads\/2021\/11\/consulta-ginecologia-urgencias-santa-pola-policlinica-del-rio-hortega.jpg 600w\" sizes=\"auto, (max-width: 762px) 100vw, 400px\" \/><\/span><\/div><div class=\"fusion-title title fusion-title-6 fusion-sep-none fusion-title-text fusion-title-size-one\"><h1 class=\"fusion-title-heading title-heading-left\" style=\"margin:0;\"><h3>CONSULTA DE URGENCIAS<\/h3><\/h1><\/div><div class=\"fusion-text fusion-text-5\"><p>Disponemos de un servicio de URGENCIAS ginecol\u00f3gicas y obst\u00e9tricas (especial embarazadas), para atender cualquier tipo de anomal\u00eda o patolog\u00eda fuera del horario habitual y bajo disponibilidad, el cual se considere de gravedad y deba ser atendido con premura.<\/p>\n<\/div><div ><a class=\"fusion-button button-flat fusion-button-default-size button-default fusion-button-default button-3 fusion-button-default-span fusion-button-default-type\" target=\"_self\"><span class=\"fusion-button-icon-divider button-icon-divider-left\"><i class=\"fa-credit-card fas awb-button__icon awb-button__icon--default\" aria-hidden=\"true\"><\/i><\/span><span class=\"fusion-button-text awb-button__text awb-button__text--default fusion-button-text-left\">From 120 \u20ac<\/span><\/a><\/div><\/div><\/div><\/div><\/div><\/p>\n","protected":false},"excerpt":{"rendered":"","protected":false},"author":2,"featured_media":0,"parent":13960,"menu_order":0,"comment_status":"closed","ping_status":"closed","template":"","meta":{"footnotes":""},"class_list":["post-13969","page","type-page","status-publish","hentry"],"_links":{"self":[{"href":"https:\/\/clinicadelriohortega.es\/en\/wp-json\/wp\/v2\/pages\/13969","targetHints":{"allow":["GET"]}}],"collection":[{"href":"https:\/\/clinicadelriohortega.es\/en\/wp-json\/wp\/v2\/pages"}],"about":[{"href":"https:\/\/clinicadelriohortega.es\/en\/wp-json\/wp\/v2\/types\/page"}],"author":[{"embeddable":true,"href":"https:\/\/clinicadelriohortega.es\/en\/wp-json\/wp\/v2\/users\/2"}],"replies":[{"embeddable":true,"href":"https:\/\/clinicadelriohortega.es\/en\/wp-json\/wp\/v2\/comments?post=13969"}],"version-history":[{"count":3,"href":"https:\/\/clinicadelriohortega.es\/en\/wp-json\/wp\/v2\/pages\/13969\/revisions"}],"predecessor-version":[{"id":13973,"href":"https:\/\/clinicadelriohortega.es\/en\/wp-json\/wp\/v2\/pages\/13969\/revisions\/13973"}],"up":[{"embeddable":true,"href":"https:\/\/clinicadelriohortega.es\/en\/wp-json\/wp\/v2\/pages\/13960"}],"wp:attachment":[{"href":"https:\/\/clinicadelriohortega.es\/en\/wp-json\/wp\/v2\/media?parent=13969"}],"curies":[{"name":"wp","href":"https:\/\/api.w.org\/{rel}","templated":true}]}}